{"id":539,"date":"2022-07-07T18:58:39","date_gmt":"2022-07-07T18:58:39","guid":{"rendered":"http:\/\/accademiagallery.org\/?page_id=539"},"modified":"2022-09-18T19:27:38","modified_gmt":"2022-09-18T19:27:38","slug":"top-attraktioner-i-firenze","status":"publish","type":"page","link":"https:\/\/accademiagallery.org\/da\/top-attractions-in-florence\/","title":{"rendered":"TOPATTRAKTIONER I FLORENCE"},"content":{"rendered":"<hr class=\"wp-block-separator has-alpha-channel-opacity\"\/>\n\n\n\n<p><strong><a href=\"https:\/\/www.britannica.com\/place\/Florence\" target=\"_blank\" rel=\"noopener\">Firenze<\/a><\/strong> er hovedstaden i Italien <strong><a href=\"https:\/\/www.britannica.com\/place\/Tuscany\" target=\"_blank\" rel=\"noopener\">Toscana<\/a><\/strong> region, og den er internationalt kendt for sin <strong>Ren\u00e6ssance<\/strong> kunst og <strong>arkitektur<\/strong>. <strong>Firenze <\/strong>by var et vigtigt centrum for <strong>handle<\/strong> og <strong>handel<\/strong> i l\u00f8bet af <strong>middelalderlige<\/strong> \u00e6ra, som medf\u00f8rte <strong>italiensk<\/strong> <strong>Ren\u00e6ssance<\/strong>.<\/p>\n\n\n\n<p>Derudover <strong>Firenze<\/strong> er krediteret med at promovere en hel del <strong>kunst<\/strong>, <strong>skrivning<\/strong>, <strong>videnskab<\/strong>og <strong>udforskning<\/strong>, samt med at opfinde <strong>opera<\/strong>, som reddede <strong>Europa<\/strong> fra <strong>m\u00f8rke middelalder<\/strong>.<\/p>\n\n\n\n<p>Hvert \u00e5r, <strong>millioner<\/strong> af turister <strong>bes\u00f8ge Firenze<\/strong>, hvilket er som en enorm udend\u00f8rs kunst <strong>Museum<\/strong>. Der er ingen bedre m\u00e5de at se p\u00e5 <strong>Florences<\/strong> store turistattraktioner end ved at g\u00e5. De <strong>Ponte Vecchio<\/strong>, en smuk bro, der sp\u00e6nder over <strong>Arno floden<\/strong> og er hjemsted for en r\u00e6kke high-end <strong>smykkebutikker<\/strong>, er et af de bedste steder at g\u00e5 i <strong>Firenze<\/strong>.&nbsp;<\/p>\n\n\n\n<h3 class=\"has-text-color wp-block-heading\" style=\"color:#8d8d8d\"><strong><em>Her er nogle smukke billeder af Firenzes Ponte Vecchio<\/em><\/strong><\/h3>\n\n\n\n<div class=\"wp-block-columns is-layout-flex wp-container-core-columns-is-layout-28f84493 wp-block-columns-is-layout-flex\">\n<div class=\"wp-block-column is-layout-flow wp-block-column-is-layout-flow\">\n<figure class=\"wp-block-image size-full\"><img loading=\"lazy\" decoding=\"async\" width=\"512\" height=\"494\" src=\"http:\/\/accademiagallery.org\/wp-content\/uploads\/2022\/07\/ponte-vecchio-florence-1.jpg\" alt=\"Topattraktioner i Firenze\" class=\"wp-image-822\" srcset=\"https:\/\/accademiagallery.org\/wp-content\/uploads\/2022\/07\/ponte-vecchio-florence-1.jpg 512w, https:\/\/accademiagallery.org\/wp-content\/uploads\/2022\/07\/ponte-vecchio-florence-1-300x289.jpg 300w\" sizes=\"auto, (max-width: 512px) 100vw, 512px\" \/><\/figure>\n<\/div>\n\n\n\n<div class=\"wp-block-column is-layout-flow wp-block-column-is-layout-flow\">\n<figure class=\"wp-block-image size-full\"><img loading=\"lazy\" decoding=\"async\" width=\"512\" height=\"494\" src=\"http:\/\/accademiagallery.org\/wp-content\/uploads\/2022\/07\/ponte-vecchio-florence-2.jpg\" alt=\"Topattraktioner i Firenze\" class=\"wp-image-823\" srcset=\"https:\/\/accademiagallery.org\/wp-content\/uploads\/2022\/07\/ponte-vecchio-florence-2.jpg 512w, https:\/\/accademiagallery.org\/wp-content\/uploads\/2022\/07\/ponte-vecchio-florence-2-300x289.jpg 300w\" sizes=\"auto, (max-width: 512px) 100vw, 512px\" \/><\/figure>\n<\/div>\n\n\n\n<div class=\"wp-block-column is-layout-flow wp-block-column-is-layout-flow\">\n<figure class=\"wp-block-image size-full\"><img loading=\"lazy\" decoding=\"async\" width=\"512\" height=\"494\" src=\"http:\/\/accademiagallery.org\/wp-content\/uploads\/2022\/07\/ponte-vecchio-florence-3.jpg\" alt=\"Topattraktioner i Firenze\" class=\"wp-image-825\" srcset=\"https:\/\/accademiagallery.org\/wp-content\/uploads\/2022\/07\/ponte-vecchio-florence-3.jpg 512w, https:\/\/accademiagallery.org\/wp-content\/uploads\/2022\/07\/ponte-vecchio-florence-3-300x289.jpg 300w\" sizes=\"auto, (max-width: 512px) 100vw, 512px\" \/><\/figure>\n<\/div>\n<\/div>\n\n\n\n<hr class=\"wp-block-separator has-alpha-channel-opacity\"\/>\n\n\n\n<h2 class=\"wp-block-heading\" style=\"text-transform:uppercase\">Topattraktioner i Firenze<\/h2>\n\n\n\n<p>Oplev magien ved <strong>Firenze<\/strong> ved at tr\u00e6de ud. En hel verden af kunst venter p\u00e5 dig <strong>Uffizi-galleriet<\/strong> og <strong>Accademia-galleriet<\/strong>, samt ved <strong><a href=\"http:\/\/accademiagallery.org\/da\/duomo-florence-cattedrale-di-santa-maria-del-fiore\/\" data-type=\"page\" data-id=\"580\">Domkirken i Firenze<\/a><\/strong>. F\u00f8lgende er toppen <strong>Firenze<\/strong> attraktioner, som du skal se, n\u00e5r du bes\u00f8ger dine k\u00e6re.<\/p>\n\n\n\n<div class=\"wp-block-columns is-layout-flex wp-container-core-columns-is-layout-28f84493 wp-block-columns-is-layout-flex\">\n<div class=\"wp-block-column is-layout-flow wp-block-column-is-layout-flow\">\n<h2 class=\"wp-block-heading\">UFFIZI GALLERI<\/h2>\n\n\n<style>.kb-image_9019c7-18 .kb-image-has-overlay:after{opacity:0.3;}<\/style>\n<figure class=\"wp-block-kadence-image kb-image_9019c7-18 size-full\"><a href=\"http:\/\/accademiagallery.org\/da\/uffizi-galleri\/\" class=\"kb-advanced-image-link\"><img loading=\"lazy\" decoding=\"async\" width=\"512\" height=\"356\" src=\"http:\/\/accademiagallery.org\/wp-content\/uploads\/2022\/07\/Uffizi-Gallery.jpg\" alt=\"Uffizi-galleriet\" class=\"kb-img wp-image-545\" srcset=\"https:\/\/accademiagallery.org\/wp-content\/uploads\/2022\/07\/Uffizi-Gallery.jpg 512w, https:\/\/accademiagallery.org\/wp-content\/uploads\/2022\/07\/Uffizi-Gallery-300x209.jpg 300w\" sizes=\"auto, (max-width: 512px) 100vw, 512px\" \/><\/a><\/figure>\n\n\n\n<div class=\"wp-block-buttons is-layout-flex wp-block-buttons-is-layout-flex\">\n<div class=\"wp-block-button has-custom-width wp-block-button__width-100 is-style-outline is-style-outline--1\"><a class=\"wp-block-button__link\" href=\"http:\/\/accademiagallery.org\/da\/uffizi-galleri\/\" style=\"border-radius:0px\">L\u00e6s mere<\/a><\/div>\n<\/div>\n<\/div>\n\n\n\n<div class=\"wp-block-column is-layout-flow wp-block-column-is-layout-flow\">\n<h2 class=\"wp-block-heading\" style=\"text-transform:uppercase\">Domkirken i Firenze<\/h2>\n\n\n<style>.kb-image_ece419-30 .kb-image-has-overlay:after{opacity:0.3;}<\/style>\n<figure class=\"wp-block-kadence-image kb-image_ece419-30 size-full\"><a href=\"http:\/\/accademiagallery.org\/da\/duomo-firenze-2\/\" class=\"kb-advanced-image-link\"><img loading=\"lazy\" decoding=\"async\" width=\"512\" height=\"356\" src=\"http:\/\/accademiagallery.org\/wp-content\/uploads\/2022\/07\/Duomo-Florence-Cattedrale-di-Santa-Maria-del-Fiore.jpg\" alt=\"Duomo Florence- Cattedrale di Santa Maria del Fiore\" class=\"kb-img wp-image-547\" srcset=\"https:\/\/accademiagallery.org\/wp-content\/uploads\/2022\/07\/Duomo-Florence-Cattedrale-di-Santa-Maria-del-Fiore.jpg 512w, https:\/\/accademiagallery.org\/wp-content\/uploads\/2022\/07\/Duomo-Florence-Cattedrale-di-Santa-Maria-del-Fiore-300x209.jpg 300w\" sizes=\"auto, (max-width: 512px) 100vw, 512px\" \/><\/a><\/figure>\n\n\n\n<div class=\"wp-block-buttons is-layout-flex wp-block-buttons-is-layout-flex\">\n<div class=\"wp-block-button has-custom-width wp-block-button__width-100 is-style-outline is-style-outline--2\"><a class=\"wp-block-button__link\" href=\"http:\/\/accademiagallery.org\/da\/duomo-firenze-2\/\" style=\"border-radius:0px\">L\u00e6s mere<\/a><\/div>\n<\/div>\n<\/div>\n\n\n\n<div class=\"wp-block-column is-layout-flow wp-block-column-is-layout-flow\">\n<h2 class=\"wp-block-heading\">BOBOLI HAVER<\/h2>\n\n\n<style>.kb-image_a9f5cf-66 .kb-image-has-overlay:after{opacity:0.3;}<\/style>\n<figure class=\"wp-block-kadence-image kb-image_a9f5cf-66 size-full\"><a href=\"http:\/\/accademiagallery.org\/da\/boboli-haver\/\" class=\"kb-advanced-image-link\"><img loading=\"lazy\" decoding=\"async\" width=\"512\" height=\"356\" src=\"http:\/\/accademiagallery.org\/wp-content\/uploads\/2022\/07\/Boboli-Gardens.jpg\" alt=\"Boboli-haverne\" class=\"kb-img wp-image-548\" srcset=\"https:\/\/accademiagallery.org\/wp-content\/uploads\/2022\/07\/Boboli-Gardens.jpg 512w, https:\/\/accademiagallery.org\/wp-content\/uploads\/2022\/07\/Boboli-Gardens-300x209.jpg 300w\" sizes=\"auto, (max-width: 512px) 100vw, 512px\" \/><\/a><\/figure>\n\n\n\n<div class=\"wp-block-buttons is-layout-flex wp-block-buttons-is-layout-flex\">\n<div class=\"wp-block-button has-custom-width wp-block-button__width-100 is-style-outline is-style-outline--3\"><a class=\"wp-block-button__link\" href=\"http:\/\/accademiagallery.org\/da\/boboli-haver\/\" style=\"border-radius:0px\">L\u00e6s mere<\/a><\/div>\n<\/div>\n<\/div>\n<\/div>\n\n\n\n<div class=\"wp-block-columns is-layout-flex wp-container-core-columns-is-layout-28f84493 wp-block-columns-is-layout-flex\">\n<div class=\"wp-block-column is-layout-flow wp-block-column-is-layout-flow\">\n<h2 class=\"wp-block-heading\">PITTI palace<\/h2>\n\n\n<style>.kb-image_c668cd-33 .kb-image-has-overlay:after{opacity:0.3;}<\/style>\n<figure class=\"wp-block-kadence-image kb-image_c668cd-33 size-full\"><a href=\"http:\/\/accademiagallery.org\/da\/pitti-palads-palazzo-pitti\/\" class=\"kb-advanced-image-link\"><img loading=\"lazy\" decoding=\"async\" width=\"512\" height=\"356\" src=\"http:\/\/accademiagallery.org\/wp-content\/uploads\/2022\/07\/Pitti-Palace-Palazzo-Pitti.jpg\" alt=\"Pitti Palace (Palazzo Pitti)\" class=\"kb-img wp-image-549\" srcset=\"https:\/\/accademiagallery.org\/wp-content\/uploads\/2022\/07\/Pitti-Palace-Palazzo-Pitti.jpg 512w, https:\/\/accademiagallery.org\/wp-content\/uploads\/2022\/07\/Pitti-Palace-Palazzo-Pitti-300x209.jpg 300w\" sizes=\"auto, (max-width: 512px) 100vw, 512px\" \/><\/a><\/figure>\n\n\n\n<div class=\"wp-block-buttons is-layout-flex wp-block-buttons-is-layout-flex\">\n<div class=\"wp-block-button has-custom-width wp-block-button__width-100 is-style-outline is-style-outline--4\"><a class=\"wp-block-button__link\" href=\"http:\/\/accademiagallery.org\/da\/pitti-palads-palazzo-pitti\/\" style=\"border-radius:0px\">L\u00e6s mere<\/a><\/div>\n<\/div>\n<\/div>\n\n\n\n<div class=\"wp-block-column is-layout-flow wp-block-column-is-layout-flow\">\n<h2 class=\"wp-block-heading\">PALAZZO VECCHIO<\/h2>\n\n\n<style>.kb-image_fc2bb3-3d .kb-image-has-overlay:after{opacity:0.3;}<\/style>\n<figure class=\"wp-block-kadence-image kb-image_fc2bb3-3d size-full\"><a href=\"http:\/\/accademiagallery.org\/da\/palazzo-vecchio\/\" class=\"kb-advanced-image-link\"><img loading=\"lazy\" decoding=\"async\" width=\"512\" height=\"356\" src=\"http:\/\/accademiagallery.org\/wp-content\/uploads\/2022\/07\/Palazzo-Vecchio.jpg\" alt=\"Palazzo Vecchio PALAZZO VECCHIO\" class=\"kb-img wp-image-550\" srcset=\"https:\/\/accademiagallery.org\/wp-content\/uploads\/2022\/07\/Palazzo-Vecchio.jpg 512w, https:\/\/accademiagallery.org\/wp-content\/uploads\/2022\/07\/Palazzo-Vecchio-300x209.jpg 300w\" sizes=\"auto, (max-width: 512px) 100vw, 512px\" \/><\/a><\/figure>\n\n\n\n<div class=\"wp-block-buttons is-layout-flex wp-block-buttons-is-layout-flex\">\n<div class=\"wp-block-button has-custom-width wp-block-button__width-100 is-style-outline is-style-outline--5\"><a class=\"wp-block-button__link\" href=\"http:\/\/accademiagallery.org\/da\/palazzo-vecchio\/\" style=\"border-radius:0px\">L\u00e6s mere<\/a><\/div>\n<\/div>\n<\/div>\n\n\n\n<div class=\"wp-block-column is-layout-flow wp-block-column-is-layout-flow\">\n<h2 class=\"wp-block-heading\">MEDICI KAPELLER<\/h2>\n\n\n<style>.kb-image_8be803-ef .kb-image-has-overlay:after{opacity:0.3;}<\/style>\n<figure class=\"wp-block-kadence-image kb-image_8be803-ef size-full\"><a href=\"http:\/\/accademiagallery.org\/da\/medici-kapeller\/\" class=\"kb-advanced-image-link\"><img loading=\"lazy\" decoding=\"async\" width=\"512\" height=\"356\" src=\"http:\/\/accademiagallery.org\/wp-content\/uploads\/2022\/07\/Medici-Chapel-Cappelle-Medicee.jpg\" alt=\"Medici Chapel (Cappelle Medicee)\" class=\"kb-img wp-image-551\" srcset=\"https:\/\/accademiagallery.org\/wp-content\/uploads\/2022\/07\/Medici-Chapel-Cappelle-Medicee.jpg 512w, https:\/\/accademiagallery.org\/wp-content\/uploads\/2022\/07\/Medici-Chapel-Cappelle-Medicee-300x209.jpg 300w\" sizes=\"auto, (max-width: 512px) 100vw, 512px\" \/><\/a><\/figure>\n\n\n\n<div class=\"wp-block-buttons is-layout-flex wp-block-buttons-is-layout-flex\">\n<div class=\"wp-block-button has-custom-width wp-block-button__width-100 is-style-outline is-style-outline--6\"><a class=\"wp-block-button__link\" href=\"http:\/\/accademiagallery.org\/da\/medici-kapeller\/\" style=\"border-radius:0px\">L\u00e6s mere<\/a><\/div>\n<\/div>\n<\/div>\n<\/div>\n\n\n\n<hr class=\"wp-block-separator has-alpha-channel-opacity\"\/>\n\n\n\n<h2 class=\"wp-block-heading\" style=\"text-transform:uppercase\"><strong>Tag med p\u00e5 en guidet tur for at udforske de st\u00f8rste attraktioner i Firenze<\/strong><\/h2>\n\n\n\n<div data-gyg-href=\"https:\/\/widget.getyourguide.com\/default\/activities.frame\" data-gyg-locale-code=\"en-US\" data-gyg-widget=\"activities\" data-gyg-number-of-items=\"6\" data-gyg-cmp=\"accademia _org\" data-gyg-partner-id=\"Z35Q282\" data-gyg-placement=\"content-middle\" data-gyg-tour-ids=\"68021,50730,86558,383686,399124,395884\"><\/div>\n\n\n\n<div style=\"height:100px\" aria-hidden=\"true\" class=\"wp-block-spacer\"><\/div>\n\n\n\n<p><em>Bem\u00e6rk venligst, at denne side indeholder affilierede links til tredjepartsprodukter og -tjenester<\/em><\/p>","protected":false},"excerpt":{"rendered":"<p>Florence is the capital city of Italy&#8217;s Tuscany region, and it is internationally renowned for its Renaissance art and architecture. Florence city was an important center of trade and commerce during the medieval era, which brought about the Italian Renaissance. Additionally, Florence is credited with promoting a great deal of art, writing, science, and exploration, [&hellip;]<\/p>\n","protected":false},"author":1,"featured_media":0,"parent":0,"menu_order":0,"comment_status":"closed","ping_status":"closed","template":"","meta":{"_monsterinsights_skip_tracking":false,"_monsterinsights_sitenote_active":false,"_monsterinsights_sitenote_note":"","_monsterinsights_sitenote_category":0,"footnotes":""},"class_list":["post-539","page","type-page","status-publish","hentry"],"blocksy_meta":{"styles_descriptor":{"styles":{"desktop":"","tablet":"","mobile":""},"google_fonts":[],"version":6}},"_links":{"self":[{"href":"https:\/\/accademiagallery.org\/da\/wp-json\/wp\/v2\/pages\/539","targetHints":{"allow":["GET"]}}],"collection":[{"href":"https:\/\/accademiagallery.org\/da\/wp-json\/wp\/v2\/pages"}],"about":[{"href":"https:\/\/accademiagallery.org\/da\/wp-json\/wp\/v2\/types\/page"}],"author":[{"embeddable":true,"href":"https:\/\/accademiagallery.org\/da\/wp-json\/wp\/v2\/users\/1"}],"replies":[{"embeddable":true,"href":"https:\/\/accademiagallery.org\/da\/wp-json\/wp\/v2\/comments?post=539"}],"version-history":[{"count":0,"href":"https:\/\/accademiagallery.org\/da\/wp-json\/wp\/v2\/pages\/539\/revisions"}],"wp:attachment":[{"href":"https:\/\/accademiagallery.org\/da\/wp-json\/wp\/v2\/media?parent=539"}],"curies":[{"name":"wp","href":"https:\/\/api.w.org\/{rel}","templated":true}]}}