{"id":539,"date":"2022-07-07T18:58:39","date_gmt":"2022-07-07T18:58:39","guid":{"rendered":"http:\/\/accademiagallery.org\/?page_id=539"},"modified":"2022-09-18T19:27:38","modified_gmt":"2022-09-18T19:27:38","slug":"top-sehenswurdigkeiten-in-florenz","status":"publish","type":"page","link":"https:\/\/accademiagallery.org\/de\/top-attractions-in-florence\/","title":{"rendered":"TOP ATTRAKTIONEN IN FLORENZ"},"content":{"rendered":"<hr class=\"wp-block-separator has-alpha-channel-opacity\"\/>\n\n\n\n<p><strong><a href=\"https:\/\/www.britannica.com\/place\/Florence\" target=\"_blank\" rel=\"noopener\">Florenz<\/a><\/strong> ist die Hauptstadt Italiens <strong><a href=\"https:\/\/www.britannica.com\/place\/Tuscany\" target=\"_blank\" rel=\"noopener\">Toskana<\/a><\/strong> Region und ist international bekannt f\u00fcr seine <strong>Renaissance<\/strong> Kunst und <strong>Architektur<\/strong>. <strong>Florenz <\/strong>Die Stadt war ein wichtiges Zentrum der <strong>Handel<\/strong> und <strong>Handel<\/strong> w\u00e4hrend der <strong>mittelalterlich<\/strong> \u00c4ra, die mit sich brachte, <strong>Italienisch<\/strong> <strong>Renaissance<\/strong>.<\/p>\n\n\n\n<p>Zus\u00e4tzlich, <strong>Florenz<\/strong> wird die F\u00f6rderung einer gro\u00dfen Zahl von <strong>Kunst<\/strong>, <strong>Schreiben<\/strong>, <strong>Wissenschaft<\/strong>und <strong>Erforschung<\/strong>sowie mit der Erfindung <strong>Oper<\/strong>, die gerettet <strong>Europa<\/strong> aus dem <strong>Dunkle Zeitalter<\/strong>.<\/p>\n\n\n\n<p>J\u00e4hrlich, <strong>Millionen<\/strong> von Touristen <strong>Besuchen Sie Florenz<\/strong>, das wie ein riesiges Freiluftkunstwerk <strong>Museum<\/strong>Es gibt keinen besseren Weg, um zu sehen <strong>Florenz<\/strong> Touristenattraktionen als zu Fu\u00df. Die <strong>Ponte Vecchio<\/strong>, eine wundersch\u00f6ne Br\u00fccke \u00fcber den <strong>Fluss Arno<\/strong> und ist die Heimat einer Reihe von High-End <strong>Juweliergesch\u00e4fte<\/strong>, ist einer der besten Orte zum Spazierengehen <strong>Florenz<\/strong>.&nbsp;<\/p>\n\n\n\n<h3 class=\"has-text-color wp-block-heading\" style=\"color:#8d8d8d\"><strong><em>Hier sind einige sch\u00f6ne Fotos von der Ponte Vecchio in Florenz<\/em><\/strong><\/h3>\n\n\n\n<div class=\"wp-block-columns is-layout-flex wp-container-core-columns-is-layout-28f84493 wp-block-columns-is-layout-flex\">\n<div class=\"wp-block-column is-layout-flow wp-block-column-is-layout-flow\">\n<figure class=\"wp-block-image size-full\"><img loading=\"lazy\" decoding=\"async\" width=\"512\" height=\"494\" src=\"http:\/\/accademiagallery.org\/wp-content\/uploads\/2022\/07\/ponte-vecchio-florence-1.jpg\" alt=\"Die besten Sehensw\u00fcrdigkeiten in Florenz\" class=\"wp-image-822\" srcset=\"https:\/\/accademiagallery.org\/wp-content\/uploads\/2022\/07\/ponte-vecchio-florence-1.jpg 512w, https:\/\/accademiagallery.org\/wp-content\/uploads\/2022\/07\/ponte-vecchio-florence-1-300x289.jpg 300w\" sizes=\"auto, (max-width: 512px) 100vw, 512px\" \/><\/figure>\n<\/div>\n\n\n\n<div class=\"wp-block-column is-layout-flow wp-block-column-is-layout-flow\">\n<figure class=\"wp-block-image size-full\"><img loading=\"lazy\" decoding=\"async\" width=\"512\" height=\"494\" src=\"http:\/\/accademiagallery.org\/wp-content\/uploads\/2022\/07\/ponte-vecchio-florence-2.jpg\" alt=\"Die besten Sehensw\u00fcrdigkeiten in Florenz\" class=\"wp-image-823\" srcset=\"https:\/\/accademiagallery.org\/wp-content\/uploads\/2022\/07\/ponte-vecchio-florence-2.jpg 512w, https:\/\/accademiagallery.org\/wp-content\/uploads\/2022\/07\/ponte-vecchio-florence-2-300x289.jpg 300w\" sizes=\"auto, (max-width: 512px) 100vw, 512px\" \/><\/figure>\n<\/div>\n\n\n\n<div class=\"wp-block-column is-layout-flow wp-block-column-is-layout-flow\">\n<figure class=\"wp-block-image size-full\"><img loading=\"lazy\" decoding=\"async\" width=\"512\" height=\"494\" src=\"http:\/\/accademiagallery.org\/wp-content\/uploads\/2022\/07\/ponte-vecchio-florence-3.jpg\" alt=\"Die besten Sehensw\u00fcrdigkeiten in Florenz\" class=\"wp-image-825\" srcset=\"https:\/\/accademiagallery.org\/wp-content\/uploads\/2022\/07\/ponte-vecchio-florence-3.jpg 512w, https:\/\/accademiagallery.org\/wp-content\/uploads\/2022\/07\/ponte-vecchio-florence-3-300x289.jpg 300w\" sizes=\"auto, (max-width: 512px) 100vw, 512px\" \/><\/figure>\n<\/div>\n<\/div>\n\n\n\n<hr class=\"wp-block-separator has-alpha-channel-opacity\"\/>\n\n\n\n<h2 class=\"wp-block-heading\" style=\"text-transform:uppercase\">Die besten Sehensw\u00fcrdigkeiten in Florenz<\/h2>\n\n\n\n<p>Entdecken Sie die Magie von <strong>Florenz<\/strong> indem Sie aussteigen. Eine ganze Welt der Kunst erwartet Sie im <strong>Uffizien-Galerie<\/strong> und <strong>Galerie Accademia<\/strong>sowie bei der <strong><a href=\"http:\/\/accademiagallery.org\/de\/duomo-florence-cattedrale-di-santa-maria-del-fiore\/\" data-type=\"page\" data-id=\"580\">Duomo Florenz<\/a><\/strong>. Die folgenden sind die Top <strong>Florenz<\/strong> Sehensw\u00fcrdigkeiten, die Sie unbedingt sehen m\u00fcssen, wenn Sie mit Ihren Lieben dort sind.<\/p>\n\n\n\n<div class=\"wp-block-columns is-layout-flex wp-container-core-columns-is-layout-28f84493 wp-block-columns-is-layout-flex\">\n<div class=\"wp-block-column is-layout-flow wp-block-column-is-layout-flow\">\n<h2 class=\"wp-block-heading\">UFFIZIEN-GALERIE<\/h2>\n\n\n<style>.kb-image_9019c7-18 .kb-image-has-overlay:after{opacity:0.3;}<\/style>\n<figure class=\"wp-block-kadence-image kb-image_9019c7-18 size-full\"><a href=\"http:\/\/accademiagallery.org\/de\/uffizien\/\" class=\"kb-advanced-image-link\"><img loading=\"lazy\" decoding=\"async\" width=\"512\" height=\"356\" src=\"http:\/\/accademiagallery.org\/wp-content\/uploads\/2022\/07\/Uffizi-Gallery.jpg\" alt=\"Uffizien-Galerie\" class=\"kb-img wp-image-545\" srcset=\"https:\/\/accademiagallery.org\/wp-content\/uploads\/2022\/07\/Uffizi-Gallery.jpg 512w, https:\/\/accademiagallery.org\/wp-content\/uploads\/2022\/07\/Uffizi-Gallery-300x209.jpg 300w\" sizes=\"auto, (max-width: 512px) 100vw, 512px\" \/><\/a><\/figure>\n\n\n\n<div class=\"wp-block-buttons is-layout-flex wp-block-buttons-is-layout-flex\">\n<div class=\"wp-block-button has-custom-width wp-block-button__width-100 is-style-outline is-style-outline--1\"><a class=\"wp-block-button__link\" href=\"http:\/\/accademiagallery.org\/de\/uffizien\/\" style=\"border-radius:0px\">Mehr lesen<\/a><\/div>\n<\/div>\n<\/div>\n\n\n\n<div class=\"wp-block-column is-layout-flow wp-block-column-is-layout-flow\">\n<h2 class=\"wp-block-heading\" style=\"text-transform:uppercase\">Duomo Florenz<\/h2>\n\n\n<style>.kb-image_ece419-30 .kb-image-has-overlay:after{opacity:0.3;}<\/style>\n<figure class=\"wp-block-kadence-image kb-image_ece419-30 size-full\"><a href=\"http:\/\/accademiagallery.org\/de\/dom-florenz-2\/\" class=\"kb-advanced-image-link\"><img loading=\"lazy\" decoding=\"async\" width=\"512\" height=\"356\" src=\"http:\/\/accademiagallery.org\/wp-content\/uploads\/2022\/07\/Duomo-Florence-Cattedrale-di-Santa-Maria-del-Fiore.jpg\" alt=\"Dom Florenz \u2013 Cattedrale di Santa Maria del Fiore\" class=\"kb-img wp-image-547\" srcset=\"https:\/\/accademiagallery.org\/wp-content\/uploads\/2022\/07\/Duomo-Florence-Cattedrale-di-Santa-Maria-del-Fiore.jpg 512w, https:\/\/accademiagallery.org\/wp-content\/uploads\/2022\/07\/Duomo-Florence-Cattedrale-di-Santa-Maria-del-Fiore-300x209.jpg 300w\" sizes=\"auto, (max-width: 512px) 100vw, 512px\" \/><\/a><\/figure>\n\n\n\n<div class=\"wp-block-buttons is-layout-flex wp-block-buttons-is-layout-flex\">\n<div class=\"wp-block-button has-custom-width wp-block-button__width-100 is-style-outline is-style-outline--2\"><a class=\"wp-block-button__link\" href=\"http:\/\/accademiagallery.org\/de\/dom-florenz-2\/\" style=\"border-radius:0px\">Mehr lesen<\/a><\/div>\n<\/div>\n<\/div>\n\n\n\n<div class=\"wp-block-column is-layout-flow wp-block-column-is-layout-flow\">\n<h2 class=\"wp-block-heading\">BOBOLI-G\u00c4RTEN<\/h2>\n\n\n<style>.kb-image_a9f5cf-66 .kb-image-has-overlay:after{opacity:0.3;}<\/style>\n<figure class=\"wp-block-kadence-image kb-image_a9f5cf-66 size-full\"><a href=\"http:\/\/accademiagallery.org\/de\/boboli-garten\/\" class=\"kb-advanced-image-link\"><img loading=\"lazy\" decoding=\"async\" width=\"512\" height=\"356\" src=\"http:\/\/accademiagallery.org\/wp-content\/uploads\/2022\/07\/Boboli-Gardens.jpg\" alt=\"Boboli-G\u00e4rten\" class=\"kb-img wp-image-548\" srcset=\"https:\/\/accademiagallery.org\/wp-content\/uploads\/2022\/07\/Boboli-Gardens.jpg 512w, https:\/\/accademiagallery.org\/wp-content\/uploads\/2022\/07\/Boboli-Gardens-300x209.jpg 300w\" sizes=\"auto, (max-width: 512px) 100vw, 512px\" \/><\/a><\/figure>\n\n\n\n<div class=\"wp-block-buttons is-layout-flex wp-block-buttons-is-layout-flex\">\n<div class=\"wp-block-button has-custom-width wp-block-button__width-100 is-style-outline is-style-outline--3\"><a class=\"wp-block-button__link\" href=\"http:\/\/accademiagallery.org\/de\/boboli-garten\/\" style=\"border-radius:0px\">Mehr lesen<\/a><\/div>\n<\/div>\n<\/div>\n<\/div>\n\n\n\n<div class=\"wp-block-columns is-layout-flex wp-container-core-columns-is-layout-28f84493 wp-block-columns-is-layout-flex\">\n<div class=\"wp-block-column is-layout-flow wp-block-column-is-layout-flow\">\n<h2 class=\"wp-block-heading\">PALAST PITTI<\/h2>\n\n\n<style>.kb-image_c668cd-33 .kb-image-has-overlay:after{opacity:0.3;}<\/style>\n<figure class=\"wp-block-kadence-image kb-image_c668cd-33 size-full\"><a href=\"http:\/\/accademiagallery.org\/de\/pitti-palast-palazzo-pitti\/\" class=\"kb-advanced-image-link\"><img loading=\"lazy\" decoding=\"async\" width=\"512\" height=\"356\" src=\"http:\/\/accademiagallery.org\/wp-content\/uploads\/2022\/07\/Pitti-Palace-Palazzo-Pitti.jpg\" alt=\"Pitti-Palast (Palazzo Pitti)\" class=\"kb-img wp-image-549\" srcset=\"https:\/\/accademiagallery.org\/wp-content\/uploads\/2022\/07\/Pitti-Palace-Palazzo-Pitti.jpg 512w, https:\/\/accademiagallery.org\/wp-content\/uploads\/2022\/07\/Pitti-Palace-Palazzo-Pitti-300x209.jpg 300w\" sizes=\"auto, (max-width: 512px) 100vw, 512px\" \/><\/a><\/figure>\n\n\n\n<div class=\"wp-block-buttons is-layout-flex wp-block-buttons-is-layout-flex\">\n<div class=\"wp-block-button has-custom-width wp-block-button__width-100 is-style-outline is-style-outline--4\"><a class=\"wp-block-button__link\" href=\"http:\/\/accademiagallery.org\/de\/pitti-palast-palazzo-pitti\/\" style=\"border-radius:0px\">Mehr lesen<\/a><\/div>\n<\/div>\n<\/div>\n\n\n\n<div class=\"wp-block-column is-layout-flow wp-block-column-is-layout-flow\">\n<h2 class=\"wp-block-heading\">PALAZZO VECCHIO<\/h2>\n\n\n<style>.kb-image_fc2bb3-3d .kb-image-has-overlay:after{opacity:0.3;}<\/style>\n<figure class=\"wp-block-kadence-image kb-image_fc2bb3-3d size-full\"><a href=\"http:\/\/accademiagallery.org\/de\/palazzo-vecchio\/\" class=\"kb-advanced-image-link\"><img loading=\"lazy\" decoding=\"async\" width=\"512\" height=\"356\" src=\"http:\/\/accademiagallery.org\/wp-content\/uploads\/2022\/07\/Palazzo-Vecchio.jpg\" alt=\"Palazzo Vecchio PALAZZO VECCHIO\" class=\"kb-img wp-image-550\" srcset=\"https:\/\/accademiagallery.org\/wp-content\/uploads\/2022\/07\/Palazzo-Vecchio.jpg 512w, https:\/\/accademiagallery.org\/wp-content\/uploads\/2022\/07\/Palazzo-Vecchio-300x209.jpg 300w\" sizes=\"auto, (max-width: 512px) 100vw, 512px\" \/><\/a><\/figure>\n\n\n\n<div class=\"wp-block-buttons is-layout-flex wp-block-buttons-is-layout-flex\">\n<div class=\"wp-block-button has-custom-width wp-block-button__width-100 is-style-outline is-style-outline--5\"><a class=\"wp-block-button__link\" href=\"http:\/\/accademiagallery.org\/de\/palazzo-vecchio\/\" style=\"border-radius:0px\">Mehr lesen<\/a><\/div>\n<\/div>\n<\/div>\n\n\n\n<div class=\"wp-block-column is-layout-flow wp-block-column-is-layout-flow\">\n<h2 class=\"wp-block-heading\">MEDICI-KAPELLEN<\/h2>\n\n\n<style>.kb-image_8be803-ef .kb-image-has-overlay:after{opacity:0.3;}<\/style>\n<figure class=\"wp-block-kadence-image kb-image_8be803-ef size-full\"><a href=\"http:\/\/accademiagallery.org\/de\/medici-kapellen\/\" class=\"kb-advanced-image-link\"><img loading=\"lazy\" decoding=\"async\" width=\"512\" height=\"356\" src=\"http:\/\/accademiagallery.org\/wp-content\/uploads\/2022\/07\/Medici-Chapel-Cappelle-Medicee.jpg\" alt=\"Medici-Kapelle (Cappelle Medicee)\" class=\"kb-img wp-image-551\" srcset=\"https:\/\/accademiagallery.org\/wp-content\/uploads\/2022\/07\/Medici-Chapel-Cappelle-Medicee.jpg 512w, https:\/\/accademiagallery.org\/wp-content\/uploads\/2022\/07\/Medici-Chapel-Cappelle-Medicee-300x209.jpg 300w\" sizes=\"auto, (max-width: 512px) 100vw, 512px\" \/><\/a><\/figure>\n\n\n\n<div class=\"wp-block-buttons is-layout-flex wp-block-buttons-is-layout-flex\">\n<div class=\"wp-block-button has-custom-width wp-block-button__width-100 is-style-outline is-style-outline--6\"><a class=\"wp-block-button__link\" href=\"http:\/\/accademiagallery.org\/de\/medici-kapellen\/\" style=\"border-radius:0px\">Mehr lesen<\/a><\/div>\n<\/div>\n<\/div>\n<\/div>\n\n\n\n<hr class=\"wp-block-separator has-alpha-channel-opacity\"\/>\n\n\n\n<h2 class=\"wp-block-heading\" style=\"text-transform:uppercase\"><strong>Nehmen Sie an einer gef\u00fchrten Tour teil, um die wichtigsten Sehensw\u00fcrdigkeiten in Florenz zu erkunden<\/strong><\/h2>\n\n\n\n<div data-gyg-href=\"https:\/\/widget.getyourguide.com\/default\/activities.frame\" data-gyg-locale-code=\"en-US\" data-gyg-widget=\"activities\" data-gyg-number-of-items=\"6\" data-gyg-cmp=\"accademia _org\" data-gyg-partner-id=\"Z35Q282\" data-gyg-placement=\"content-middle\" data-gyg-tour-ids=\"68021,50730,86558,383686,399124,395884\"><\/div>\n\n\n\n<div style=\"height:100px\" aria-hidden=\"true\" class=\"wp-block-spacer\"><\/div>\n\n\n\n<p><em>Bitte beachten Sie, dass diese Seite Affiliate-Links f\u00fcr Produkte und Dienstleistungen Dritter enth\u00e4lt.<\/em><\/p>","protected":false},"excerpt":{"rendered":"<p>Florence is the capital city of Italy&#8217;s Tuscany region, and it is internationally renowned for its Renaissance art and architecture. Florence city was an important center of trade and commerce during the medieval era, which brought about the Italian Renaissance. Additionally, Florence is credited with promoting a great deal of art, writing, science, and exploration, [&hellip;]<\/p>\n","protected":false},"author":1,"featured_media":0,"parent":0,"menu_order":0,"comment_status":"closed","ping_status":"closed","template":"","meta":{"_monsterinsights_skip_tracking":false,"_monsterinsights_sitenote_active":false,"_monsterinsights_sitenote_note":"","_monsterinsights_sitenote_category":0,"footnotes":""},"class_list":["post-539","page","type-page","status-publish","hentry"],"blocksy_meta":{"styles_descriptor":{"styles":{"desktop":"","tablet":"","mobile":""},"google_fonts":[],"version":6}},"_links":{"self":[{"href":"https:\/\/accademiagallery.org\/de\/wp-json\/wp\/v2\/pages\/539","targetHints":{"allow":["GET"]}}],"collection":[{"href":"https:\/\/accademiagallery.org\/de\/wp-json\/wp\/v2\/pages"}],"about":[{"href":"https:\/\/accademiagallery.org\/de\/wp-json\/wp\/v2\/types\/page"}],"author":[{"embeddable":true,"href":"https:\/\/accademiagallery.org\/de\/wp-json\/wp\/v2\/users\/1"}],"replies":[{"embeddable":true,"href":"https:\/\/accademiagallery.org\/de\/wp-json\/wp\/v2\/comments?post=539"}],"version-history":[{"count":0,"href":"https:\/\/accademiagallery.org\/de\/wp-json\/wp\/v2\/pages\/539\/revisions"}],"wp:attachment":[{"href":"https:\/\/accademiagallery.org\/de\/wp-json\/wp\/v2\/media?parent=539"}],"curies":[{"name":"wp","href":"https:\/\/api.w.org\/{rel}","templated":true}]}}