{"id":539,"date":"2022-07-07T18:58:39","date_gmt":"2022-07-07T18:58:39","guid":{"rendered":"http:\/\/accademiagallery.org\/?page_id=539"},"modified":"2022-09-18T19:27:38","modified_gmt":"2022-09-18T19:27:38","slug":"principales-atracciones-en-florencia","status":"publish","type":"page","link":"https:\/\/accademiagallery.org\/es\/top-attractions-in-florence\/","title":{"rendered":"PRINCIPALES ATRACCIONES DE FLORENCIA"},"content":{"rendered":"<hr class=\"wp-block-separator has-alpha-channel-opacity\"\/>\n\n\n\n<p><strong><a href=\"https:\/\/www.britannica.com\/place\/Florence\" target=\"_blank\" rel=\"noopener\">Florencia<\/a><\/strong> es la capital de Italia <strong><a href=\"https:\/\/www.britannica.com\/place\/Tuscany\" target=\"_blank\" rel=\"noopener\">Toscana<\/a><\/strong> regi\u00f3n, y es reconocida internacionalmente por su <strong>Renacimiento<\/strong> arte y <strong>arquitectura<\/strong>. <strong>Florencia <\/strong>La ciudad era un importante centro de <strong>comercio<\/strong> y <strong>comercio<\/strong> Durante el <strong>medieval<\/strong> \u00e9poca que dio origen a la <strong>italiano<\/strong> <strong>Renacimiento<\/strong>.<\/p>\n\n\n\n<p>Adem\u00e1s, <strong>Florencia<\/strong> Se le atribuye la promoci\u00f3n de una gran cantidad de <strong>arte<\/strong>, <strong>escribiendo<\/strong>, <strong>ciencia<\/strong>y <strong>exploraci\u00f3n<\/strong>, as\u00ed como con la invenci\u00f3n <strong>\u00f3pera<\/strong>, que rescat\u00f3 <strong>Europa<\/strong> desde <strong>Edad Oscura<\/strong>.<\/p>\n\n\n\n<p>Cada a\u00f1o, <strong>millones<\/strong> de turistas <strong>Visita Florencia<\/strong>, que es como una enorme obra de arte al aire libre. <strong>museo<\/strong>No hay mejor manera de verlo <strong>De florencia<\/strong> principales atracciones tur\u00edsticas que caminando. <strong>Puente Vecchio<\/strong>, un hermoso puente que cruza el <strong>R\u00edo Arno<\/strong> y es el hogar de una serie de productos de alta gama. <strong>joyer\u00edas<\/strong>, es uno de los mejores lugares para caminar <strong>Florencia<\/strong>.&nbsp;<\/p>\n\n\n\n<h3 class=\"has-text-color wp-block-heading\" style=\"color:#8d8d8d\"><strong><em>Aqu\u00ed hay algunas hermosas fotos del Ponte Vecchio de Florencia.<\/em><\/strong><\/h3>\n\n\n\n<div class=\"wp-block-columns is-layout-flex wp-container-core-columns-is-layout-28f84493 wp-block-columns-is-layout-flex\">\n<div class=\"wp-block-column is-layout-flow wp-block-column-is-layout-flow\">\n<figure class=\"wp-block-image size-full\"><img loading=\"lazy\" decoding=\"async\" width=\"512\" height=\"494\" src=\"http:\/\/accademiagallery.org\/wp-content\/uploads\/2022\/07\/ponte-vecchio-florence-1.jpg\" alt=\"Principales atracciones de Florencia\" class=\"wp-image-822\" srcset=\"https:\/\/accademiagallery.org\/wp-content\/uploads\/2022\/07\/ponte-vecchio-florence-1.jpg 512w, https:\/\/accademiagallery.org\/wp-content\/uploads\/2022\/07\/ponte-vecchio-florence-1-300x289.jpg 300w\" sizes=\"auto, (max-width: 512px) 100vw, 512px\" \/><\/figure>\n<\/div>\n\n\n\n<div class=\"wp-block-column is-layout-flow wp-block-column-is-layout-flow\">\n<figure class=\"wp-block-image size-full\"><img loading=\"lazy\" decoding=\"async\" width=\"512\" height=\"494\" src=\"http:\/\/accademiagallery.org\/wp-content\/uploads\/2022\/07\/ponte-vecchio-florence-2.jpg\" alt=\"Principales atracciones de Florencia\" class=\"wp-image-823\" srcset=\"https:\/\/accademiagallery.org\/wp-content\/uploads\/2022\/07\/ponte-vecchio-florence-2.jpg 512w, https:\/\/accademiagallery.org\/wp-content\/uploads\/2022\/07\/ponte-vecchio-florence-2-300x289.jpg 300w\" sizes=\"auto, (max-width: 512px) 100vw, 512px\" \/><\/figure>\n<\/div>\n\n\n\n<div class=\"wp-block-column is-layout-flow wp-block-column-is-layout-flow\">\n<figure class=\"wp-block-image size-full\"><img loading=\"lazy\" decoding=\"async\" width=\"512\" height=\"494\" src=\"http:\/\/accademiagallery.org\/wp-content\/uploads\/2022\/07\/ponte-vecchio-florence-3.jpg\" alt=\"Principales atracciones de Florencia\" class=\"wp-image-825\" srcset=\"https:\/\/accademiagallery.org\/wp-content\/uploads\/2022\/07\/ponte-vecchio-florence-3.jpg 512w, https:\/\/accademiagallery.org\/wp-content\/uploads\/2022\/07\/ponte-vecchio-florence-3-300x289.jpg 300w\" sizes=\"auto, (max-width: 512px) 100vw, 512px\" \/><\/figure>\n<\/div>\n<\/div>\n\n\n\n<hr class=\"wp-block-separator has-alpha-channel-opacity\"\/>\n\n\n\n<h2 class=\"wp-block-heading\" style=\"text-transform:uppercase\">Principales atracciones de Florencia<\/h2>\n\n\n\n<p>Descubre la magia de <strong>Florencia<\/strong> Al salir, todo un mundo de arte te espera en el <strong>Galer\u00eda de los Uffizi<\/strong> y <strong>Galer\u00eda de la Academia<\/strong>, as\u00ed como en el <strong><a href=\"http:\/\/accademiagallery.org\/es\/duomo-florence-cattedrale-di-santa-maria-del-fiore\/\" data-type=\"page\" data-id=\"580\">Catedral de Florencia<\/a><\/strong>Los siguientes son los mejores <strong>Florencia<\/strong> Atracciones que debes ver cuando visites con tus seres queridos.<\/p>\n\n\n\n<div class=\"wp-block-columns is-layout-flex wp-container-core-columns-is-layout-28f84493 wp-block-columns-is-layout-flex\">\n<div class=\"wp-block-column is-layout-flow wp-block-column-is-layout-flow\">\n<h2 class=\"wp-block-heading\">GALER\u00cdA DE LOS UFFIZI<\/h2>\n\n\n<style>.kb-image_9019c7-18 .kb-image-has-overlay:after{opacity:0.3;}<\/style>\n<figure class=\"wp-block-kadence-image kb-image_9019c7-18 size-full\"><a href=\"http:\/\/accademiagallery.org\/es\/galeria-de-los-uffizi\/\" class=\"kb-advanced-image-link\"><img loading=\"lazy\" decoding=\"async\" width=\"512\" height=\"356\" src=\"http:\/\/accademiagallery.org\/wp-content\/uploads\/2022\/07\/Uffizi-Gallery.jpg\" alt=\"Galer\u00eda de los Uffizi\" class=\"kb-img wp-image-545\" srcset=\"https:\/\/accademiagallery.org\/wp-content\/uploads\/2022\/07\/Uffizi-Gallery.jpg 512w, https:\/\/accademiagallery.org\/wp-content\/uploads\/2022\/07\/Uffizi-Gallery-300x209.jpg 300w\" sizes=\"auto, (max-width: 512px) 100vw, 512px\" \/><\/a><\/figure>\n\n\n\n<div class=\"wp-block-buttons is-layout-flex wp-block-buttons-is-layout-flex\">\n<div class=\"wp-block-button has-custom-width wp-block-button__width-100 is-style-outline is-style-outline--1\"><a class=\"wp-block-button__link\" href=\"http:\/\/accademiagallery.org\/es\/galeria-de-los-uffizi\/\" style=\"border-radius:0px\">Seguir leyendo<\/a><\/div>\n<\/div>\n<\/div>\n\n\n\n<div class=\"wp-block-column is-layout-flow wp-block-column-is-layout-flow\">\n<h2 class=\"wp-block-heading\" style=\"text-transform:uppercase\">Catedral de Florencia<\/h2>\n\n\n<style>.kb-image_ece419-30 .kb-image-has-overlay:after{opacity:0.3;}<\/style>\n<figure class=\"wp-block-kadence-image kb-image_ece419-30 size-full\"><a href=\"http:\/\/accademiagallery.org\/es\/catedral-de-florencia-2\/\" class=\"kb-advanced-image-link\"><img loading=\"lazy\" decoding=\"async\" width=\"512\" height=\"356\" src=\"http:\/\/accademiagallery.org\/wp-content\/uploads\/2022\/07\/Duomo-Florence-Cattedrale-di-Santa-Maria-del-Fiore.jpg\" alt=\"Duomo Florencia- Cattedrale di Santa Maria del Fiore\" class=\"kb-img wp-image-547\" srcset=\"https:\/\/accademiagallery.org\/wp-content\/uploads\/2022\/07\/Duomo-Florence-Cattedrale-di-Santa-Maria-del-Fiore.jpg 512w, https:\/\/accademiagallery.org\/wp-content\/uploads\/2022\/07\/Duomo-Florence-Cattedrale-di-Santa-Maria-del-Fiore-300x209.jpg 300w\" sizes=\"auto, (max-width: 512px) 100vw, 512px\" \/><\/a><\/figure>\n\n\n\n<div class=\"wp-block-buttons is-layout-flex wp-block-buttons-is-layout-flex\">\n<div class=\"wp-block-button has-custom-width wp-block-button__width-100 is-style-outline is-style-outline--2\"><a class=\"wp-block-button__link\" href=\"http:\/\/accademiagallery.org\/es\/catedral-de-florencia-2\/\" style=\"border-radius:0px\">Seguir leyendo<\/a><\/div>\n<\/div>\n<\/div>\n\n\n\n<div class=\"wp-block-column is-layout-flow wp-block-column-is-layout-flow\">\n<h2 class=\"wp-block-heading\">JARDINES DE BOBOLI<\/h2>\n\n\n<style>.kb-image_a9f5cf-66 .kb-image-has-overlay:after{opacity:0.3;}<\/style>\n<figure class=\"wp-block-kadence-image kb-image_a9f5cf-66 size-full\"><a href=\"http:\/\/accademiagallery.org\/es\/jardines-de-boboli\/\" class=\"kb-advanced-image-link\"><img loading=\"lazy\" decoding=\"async\" width=\"512\" height=\"356\" src=\"http:\/\/accademiagallery.org\/wp-content\/uploads\/2022\/07\/Boboli-Gardens.jpg\" alt=\"Jardines de Boboli\" class=\"kb-img wp-image-548\" srcset=\"https:\/\/accademiagallery.org\/wp-content\/uploads\/2022\/07\/Boboli-Gardens.jpg 512w, https:\/\/accademiagallery.org\/wp-content\/uploads\/2022\/07\/Boboli-Gardens-300x209.jpg 300w\" sizes=\"auto, (max-width: 512px) 100vw, 512px\" \/><\/a><\/figure>\n\n\n\n<div class=\"wp-block-buttons is-layout-flex wp-block-buttons-is-layout-flex\">\n<div class=\"wp-block-button has-custom-width wp-block-button__width-100 is-style-outline is-style-outline--3\"><a class=\"wp-block-button__link\" href=\"http:\/\/accademiagallery.org\/es\/jardines-de-boboli\/\" style=\"border-radius:0px\">Seguir leyendo<\/a><\/div>\n<\/div>\n<\/div>\n<\/div>\n\n\n\n<div class=\"wp-block-columns is-layout-flex wp-container-core-columns-is-layout-28f84493 wp-block-columns-is-layout-flex\">\n<div class=\"wp-block-column is-layout-flow wp-block-column-is-layout-flow\">\n<h2 class=\"wp-block-heading\">PALACIO PITTI<\/h2>\n\n\n<style>.kb-image_c668cd-33 .kb-image-has-overlay:after{opacity:0.3;}<\/style>\n<figure class=\"wp-block-kadence-image kb-image_c668cd-33 size-full\"><a href=\"http:\/\/accademiagallery.org\/es\/palacio-pitti-palacio-pitti\/\" class=\"kb-advanced-image-link\"><img loading=\"lazy\" decoding=\"async\" width=\"512\" height=\"356\" src=\"http:\/\/accademiagallery.org\/wp-content\/uploads\/2022\/07\/Pitti-Palace-Palazzo-Pitti.jpg\" alt=\"Palacio Pitti (Palacio Pitti)\" class=\"kb-img wp-image-549\" srcset=\"https:\/\/accademiagallery.org\/wp-content\/uploads\/2022\/07\/Pitti-Palace-Palazzo-Pitti.jpg 512w, https:\/\/accademiagallery.org\/wp-content\/uploads\/2022\/07\/Pitti-Palace-Palazzo-Pitti-300x209.jpg 300w\" sizes=\"auto, (max-width: 512px) 100vw, 512px\" \/><\/a><\/figure>\n\n\n\n<div class=\"wp-block-buttons is-layout-flex wp-block-buttons-is-layout-flex\">\n<div class=\"wp-block-button has-custom-width wp-block-button__width-100 is-style-outline is-style-outline--4\"><a class=\"wp-block-button__link\" href=\"http:\/\/accademiagallery.org\/es\/palacio-pitti-palacio-pitti\/\" style=\"border-radius:0px\">Seguir leyendo<\/a><\/div>\n<\/div>\n<\/div>\n\n\n\n<div class=\"wp-block-column is-layout-flow wp-block-column-is-layout-flow\">\n<h2 class=\"wp-block-heading\">PALACIO VECCHIO<\/h2>\n\n\n<style>.kb-image_fc2bb3-3d .kb-image-has-overlay:after{opacity:0.3;}<\/style>\n<figure class=\"wp-block-kadence-image kb-image_fc2bb3-3d size-full\"><a href=\"http:\/\/accademiagallery.org\/es\/palacio-viejo\/\" class=\"kb-advanced-image-link\"><img loading=\"lazy\" decoding=\"async\" width=\"512\" height=\"356\" src=\"http:\/\/accademiagallery.org\/wp-content\/uploads\/2022\/07\/Palazzo-Vecchio.jpg\" alt=\"Palacio Vecchio PALAZZO VECCHIO\" class=\"kb-img wp-image-550\" srcset=\"https:\/\/accademiagallery.org\/wp-content\/uploads\/2022\/07\/Palazzo-Vecchio.jpg 512w, https:\/\/accademiagallery.org\/wp-content\/uploads\/2022\/07\/Palazzo-Vecchio-300x209.jpg 300w\" sizes=\"auto, (max-width: 512px) 100vw, 512px\" \/><\/a><\/figure>\n\n\n\n<div class=\"wp-block-buttons is-layout-flex wp-block-buttons-is-layout-flex\">\n<div class=\"wp-block-button has-custom-width wp-block-button__width-100 is-style-outline is-style-outline--5\"><a class=\"wp-block-button__link\" href=\"http:\/\/accademiagallery.org\/es\/palacio-viejo\/\" style=\"border-radius:0px\">Seguir leyendo<\/a><\/div>\n<\/div>\n<\/div>\n\n\n\n<div class=\"wp-block-column is-layout-flow wp-block-column-is-layout-flow\">\n<h2 class=\"wp-block-heading\">CAPILLAS DE LOS MEDICI<\/h2>\n\n\n<style>.kb-image_8be803-ef .kb-image-has-overlay:after{opacity:0.3;}<\/style>\n<figure class=\"wp-block-kadence-image kb-image_8be803-ef size-full\"><a href=\"http:\/\/accademiagallery.org\/es\/capillas-de-los-medici\/\" class=\"kb-advanced-image-link\"><img loading=\"lazy\" decoding=\"async\" width=\"512\" height=\"356\" src=\"http:\/\/accademiagallery.org\/wp-content\/uploads\/2022\/07\/Medici-Chapel-Cappelle-Medicee.jpg\" alt=\"Capilla de los Medici (Cappelle Medicee)\" class=\"kb-img wp-image-551\" srcset=\"https:\/\/accademiagallery.org\/wp-content\/uploads\/2022\/07\/Medici-Chapel-Cappelle-Medicee.jpg 512w, https:\/\/accademiagallery.org\/wp-content\/uploads\/2022\/07\/Medici-Chapel-Cappelle-Medicee-300x209.jpg 300w\" sizes=\"auto, (max-width: 512px) 100vw, 512px\" \/><\/a><\/figure>\n\n\n\n<div class=\"wp-block-buttons is-layout-flex wp-block-buttons-is-layout-flex\">\n<div class=\"wp-block-button has-custom-width wp-block-button__width-100 is-style-outline is-style-outline--6\"><a class=\"wp-block-button__link\" href=\"http:\/\/accademiagallery.org\/es\/capillas-de-los-medici\/\" style=\"border-radius:0px\">Seguir leyendo<\/a><\/div>\n<\/div>\n<\/div>\n<\/div>\n\n\n\n<hr class=\"wp-block-separator has-alpha-channel-opacity\"\/>\n\n\n\n<h2 class=\"wp-block-heading\" style=\"text-transform:uppercase\"><strong>\u00danase a una visita guiada para explorar las principales atracciones de Florencia.<\/strong><\/h2>\n\n\n\n<div data-gyg-href=\"https:\/\/widget.getyourguide.com\/default\/activities.frame\" data-gyg-locale-code=\"en-US\" data-gyg-widget=\"activities\" data-gyg-number-of-items=\"6\" data-gyg-cmp=\"accademia _org\" data-gyg-partner-id=\"Z35Q282\" data-gyg-placement=\"content-middle\" data-gyg-tour-ids=\"68021,50730,86558,383686,399124,395884\"><\/div>\n\n\n\n<div style=\"height:100px\" aria-hidden=\"true\" class=\"wp-block-spacer\"><\/div>\n\n\n\n<p><em>Tenga en cuenta que esta p\u00e1gina incluye enlaces de afiliados a productos y servicios de terceros.<\/em><\/p>","protected":false},"excerpt":{"rendered":"<p>Florence is the capital city of Italy&#8217;s Tuscany region, and it is internationally renowned for its Renaissance art and architecture. Florence city was an important center of trade and commerce during the medieval era, which brought about the Italian Renaissance. Additionally, Florence is credited with promoting a great deal of art, writing, science, and exploration, [&hellip;]<\/p>\n","protected":false},"author":1,"featured_media":0,"parent":0,"menu_order":0,"comment_status":"closed","ping_status":"closed","template":"","meta":{"_monsterinsights_skip_tracking":false,"_monsterinsights_sitenote_active":false,"_monsterinsights_sitenote_note":"","_monsterinsights_sitenote_category":0,"footnotes":""},"class_list":["post-539","page","type-page","status-publish","hentry"],"blocksy_meta":{"styles_descriptor":{"styles":{"desktop":"","tablet":"","mobile":""},"google_fonts":[],"version":6}},"_links":{"self":[{"href":"https:\/\/accademiagallery.org\/es\/wp-json\/wp\/v2\/pages\/539","targetHints":{"allow":["GET"]}}],"collection":[{"href":"https:\/\/accademiagallery.org\/es\/wp-json\/wp\/v2\/pages"}],"about":[{"href":"https:\/\/accademiagallery.org\/es\/wp-json\/wp\/v2\/types\/page"}],"author":[{"embeddable":true,"href":"https:\/\/accademiagallery.org\/es\/wp-json\/wp\/v2\/users\/1"}],"replies":[{"embeddable":true,"href":"https:\/\/accademiagallery.org\/es\/wp-json\/wp\/v2\/comments?post=539"}],"version-history":[{"count":0,"href":"https:\/\/accademiagallery.org\/es\/wp-json\/wp\/v2\/pages\/539\/revisions"}],"wp:attachment":[{"href":"https:\/\/accademiagallery.org\/es\/wp-json\/wp\/v2\/media?parent=539"}],"curies":[{"name":"Gracias","href":"https:\/\/api.w.org\/{rel}","templated":true}]}}