{"id":539,"date":"2022-07-07T18:58:39","date_gmt":"2022-07-07T18:58:39","guid":{"rendered":"http:\/\/accademiagallery.org\/?page_id=539"},"modified":"2022-09-18T19:27:38","modified_gmt":"2022-09-18T19:27:38","slug":"principais-atracoes-em-florenca","status":"publish","type":"page","link":"https:\/\/accademiagallery.org\/pt\/top-attractions-in-florence\/","title":{"rendered":"PRINCIPAIS ATRA\u00c7\u00d5ES EM FLOREN\u00c7A"},"content":{"rendered":"<hr class=\"wp-block-separator has-alpha-channel-opacity\"\/>\n\n\n\n<p><strong><a href=\"https:\/\/www.britannica.com\/place\/Florence\" target=\"_blank\" rel=\"noopener\">Floren\u00e7a<\/a><\/strong> \u00e9 a capital da It\u00e1lia <strong><a href=\"https:\/\/www.britannica.com\/place\/Tuscany\" target=\"_blank\" rel=\"noopener\">Toscana<\/a><\/strong> regi\u00e3o, e \u00e9 reconhecida internacionalmente por sua <strong>Renascimento<\/strong> arte e <strong>arquitetura<\/strong>. <strong>Floren\u00e7a <\/strong>a cidade era um importante centro de <strong>troca<\/strong> e <strong>com\u00e9rcio<\/strong> durante o <strong>medieval<\/strong> era, que deu origem \u00e0 <strong>italiano<\/strong> <strong>Renascimento<\/strong>.<\/p>\n\n\n\n<p>Adicionalmente, <strong>Floren\u00e7a<\/strong> \u00e9 creditado por promover uma grande quantidade de <strong>arte<\/strong>, <strong>escrita<\/strong>, <strong>ci\u00eancia<\/strong>e <strong>explora\u00e7\u00e3o<\/strong>, bem como com a inven\u00e7\u00e3o <strong>\u00f3pera<\/strong>, que resgatou <strong>Europa<\/strong> do <strong>Idade das Trevas<\/strong>.<\/p>\n\n\n\n<p>Todos os anos, <strong>milh\u00f5es<\/strong> de turistas <strong>visite Floren\u00e7a<\/strong>, que \u00e9 como uma enorme arte ao ar livre <strong>museu<\/strong>. N\u00e3o h\u00e1 melhor maneira de ver <strong>De Floren\u00e7a<\/strong> principais atra\u00e7\u00f5es tur\u00edsticas do que caminhando. <strong>Ponte Vecchio<\/strong>, uma bela ponte que atravessa o <strong>Rio Arno<\/strong> e abriga uma s\u00e9rie de estabelecimentos de alto padr\u00e3o <strong>joalherias<\/strong>, \u00e9 um dos melhores lugares para caminhar <strong>Floren\u00e7a<\/strong>.&nbsp;<\/p>\n\n\n\n<h3 class=\"has-text-color wp-block-heading\" style=\"color:#8d8d8d\"><strong><em>Aqui est\u00e3o algumas belas fotos da Ponte Vecchio de Floren\u00e7a<\/em><\/strong><\/h3>\n\n\n\n<div class=\"wp-block-columns is-layout-flex wp-container-core-columns-is-layout-28f84493 wp-block-columns-is-layout-flex\">\n<div class=\"wp-block-column is-layout-flow wp-block-column-is-layout-flow\">\n<figure class=\"wp-block-image size-full\"><img loading=\"lazy\" decoding=\"async\" width=\"512\" height=\"494\" src=\"http:\/\/accademiagallery.org\/wp-content\/uploads\/2022\/07\/ponte-vecchio-florence-1.jpg\" alt=\"Principais atra\u00e7\u00f5es em Floren\u00e7a\" class=\"wp-image-822\" srcset=\"https:\/\/accademiagallery.org\/wp-content\/uploads\/2022\/07\/ponte-vecchio-florence-1.jpg 512w, https:\/\/accademiagallery.org\/wp-content\/uploads\/2022\/07\/ponte-vecchio-florence-1-300x289.jpg 300w\" sizes=\"auto, (max-width: 512px) 100vw, 512px\" \/><\/figure>\n<\/div>\n\n\n\n<div class=\"wp-block-column is-layout-flow wp-block-column-is-layout-flow\">\n<figure class=\"wp-block-image size-full\"><img loading=\"lazy\" decoding=\"async\" width=\"512\" height=\"494\" src=\"http:\/\/accademiagallery.org\/wp-content\/uploads\/2022\/07\/ponte-vecchio-florence-2.jpg\" alt=\"Principais atra\u00e7\u00f5es em Floren\u00e7a\" class=\"wp-image-823\" srcset=\"https:\/\/accademiagallery.org\/wp-content\/uploads\/2022\/07\/ponte-vecchio-florence-2.jpg 512w, https:\/\/accademiagallery.org\/wp-content\/uploads\/2022\/07\/ponte-vecchio-florence-2-300x289.jpg 300w\" sizes=\"auto, (max-width: 512px) 100vw, 512px\" \/><\/figure>\n<\/div>\n\n\n\n<div class=\"wp-block-column is-layout-flow wp-block-column-is-layout-flow\">\n<figure class=\"wp-block-image size-full\"><img loading=\"lazy\" decoding=\"async\" width=\"512\" height=\"494\" src=\"http:\/\/accademiagallery.org\/wp-content\/uploads\/2022\/07\/ponte-vecchio-florence-3.jpg\" alt=\"Principais atra\u00e7\u00f5es em Floren\u00e7a\" class=\"wp-image-825\" srcset=\"https:\/\/accademiagallery.org\/wp-content\/uploads\/2022\/07\/ponte-vecchio-florence-3.jpg 512w, https:\/\/accademiagallery.org\/wp-content\/uploads\/2022\/07\/ponte-vecchio-florence-3-300x289.jpg 300w\" sizes=\"auto, (max-width: 512px) 100vw, 512px\" \/><\/figure>\n<\/div>\n<\/div>\n\n\n\n<hr class=\"wp-block-separator has-alpha-channel-opacity\"\/>\n\n\n\n<h2 class=\"wp-block-heading\" style=\"text-transform:uppercase\">Principais atra\u00e7\u00f5es em Floren\u00e7a<\/h2>\n\n\n\n<p>Descubra a magia de <strong>Floren\u00e7a<\/strong> saindo. Um mundo inteiro de arte espera por voc\u00ea no <strong>Galeria Uffizi<\/strong> e <strong>Galeria Accademia<\/strong>, bem como no <strong><a href=\"http:\/\/accademiagallery.org\/pt\/duomo-florence-cattedrale-di-santa-maria-del-fiore\/\" data-type=\"page\" data-id=\"580\">Duomo de Floren\u00e7a<\/a><\/strong>. A seguir est\u00e3o os principais <strong>Floren\u00e7a<\/strong> atra\u00e7\u00f5es que voc\u00ea deve ver quando visitar seus entes queridos.<\/p>\n\n\n\n<div class=\"wp-block-columns is-layout-flex wp-container-core-columns-is-layout-28f84493 wp-block-columns-is-layout-flex\">\n<div class=\"wp-block-column is-layout-flow wp-block-column-is-layout-flow\">\n<h2 class=\"wp-block-heading\">GALERIA UFFIZI<\/h2>\n\n\n<style>.kb-image_9019c7-18 .kb-image-has-overlay:after{opacity:0.3;}<\/style>\n<figure class=\"wp-block-kadence-image kb-image_9019c7-18 size-full\"><a href=\"http:\/\/accademiagallery.org\/pt\/galeria-uffizi\/\" class=\"kb-advanced-image-link\"><img loading=\"lazy\" decoding=\"async\" width=\"512\" height=\"356\" src=\"http:\/\/accademiagallery.org\/wp-content\/uploads\/2022\/07\/Uffizi-Gallery.jpg\" alt=\"Galeria Uffizi\" class=\"kb-img wp-image-545\" srcset=\"https:\/\/accademiagallery.org\/wp-content\/uploads\/2022\/07\/Uffizi-Gallery.jpg 512w, https:\/\/accademiagallery.org\/wp-content\/uploads\/2022\/07\/Uffizi-Gallery-300x209.jpg 300w\" sizes=\"auto, (max-width: 512px) 100vw, 512px\" \/><\/a><\/figure>\n\n\n\n<div class=\"wp-block-buttons is-layout-flex wp-block-buttons-is-layout-flex\">\n<div class=\"wp-block-button has-custom-width wp-block-button__width-100 is-style-outline is-style-outline--1\"><a class=\"wp-block-button__link\" href=\"http:\/\/accademiagallery.org\/pt\/galeria-uffizi\/\" style=\"border-radius:0px\">Leia mais<\/a><\/div>\n<\/div>\n<\/div>\n\n\n\n<div class=\"wp-block-column is-layout-flow wp-block-column-is-layout-flow\">\n<h2 class=\"wp-block-heading\" style=\"text-transform:uppercase\">Duomo de Floren\u00e7a<\/h2>\n\n\n<style>.kb-image_ece419-30 .kb-image-has-overlay:after{opacity:0.3;}<\/style>\n<figure class=\"wp-block-kadence-image kb-image_ece419-30 size-full\"><a href=\"http:\/\/accademiagallery.org\/pt\/duomo-florenca-2\/\" class=\"kb-advanced-image-link\"><img loading=\"lazy\" decoding=\"async\" width=\"512\" height=\"356\" src=\"http:\/\/accademiagallery.org\/wp-content\/uploads\/2022\/07\/Duomo-Florence-Cattedrale-di-Santa-Maria-del-Fiore.jpg\" alt=\"Duomo Floren\u00e7a - Catedral de Santa Maria del Fiore\" class=\"kb-img wp-image-547\" srcset=\"https:\/\/accademiagallery.org\/wp-content\/uploads\/2022\/07\/Duomo-Florence-Cattedrale-di-Santa-Maria-del-Fiore.jpg 512w, https:\/\/accademiagallery.org\/wp-content\/uploads\/2022\/07\/Duomo-Florence-Cattedrale-di-Santa-Maria-del-Fiore-300x209.jpg 300w\" sizes=\"auto, (max-width: 512px) 100vw, 512px\" \/><\/a><\/figure>\n\n\n\n<div class=\"wp-block-buttons is-layout-flex wp-block-buttons-is-layout-flex\">\n<div class=\"wp-block-button has-custom-width wp-block-button__width-100 is-style-outline is-style-outline--2\"><a class=\"wp-block-button__link\" href=\"http:\/\/accademiagallery.org\/pt\/duomo-florenca-2\/\" style=\"border-radius:0px\">Leia mais<\/a><\/div>\n<\/div>\n<\/div>\n\n\n\n<div class=\"wp-block-column is-layout-flow wp-block-column-is-layout-flow\">\n<h2 class=\"wp-block-heading\">JARDINS BOBOLI<\/h2>\n\n\n<style>.kb-image_a9f5cf-66 .kb-image-has-overlay:after{opacity:0.3;}<\/style>\n<figure class=\"wp-block-kadence-image kb-image_a9f5cf-66 size-full\"><a href=\"http:\/\/accademiagallery.org\/pt\/jardins-de-boboli\/\" class=\"kb-advanced-image-link\"><img loading=\"lazy\" decoding=\"async\" width=\"512\" height=\"356\" src=\"http:\/\/accademiagallery.org\/wp-content\/uploads\/2022\/07\/Boboli-Gardens.jpg\" alt=\"Jardins de Boboli\" class=\"kb-img wp-image-548\" srcset=\"https:\/\/accademiagallery.org\/wp-content\/uploads\/2022\/07\/Boboli-Gardens.jpg 512w, https:\/\/accademiagallery.org\/wp-content\/uploads\/2022\/07\/Boboli-Gardens-300x209.jpg 300w\" sizes=\"auto, (max-width: 512px) 100vw, 512px\" \/><\/a><\/figure>\n\n\n\n<div class=\"wp-block-buttons is-layout-flex wp-block-buttons-is-layout-flex\">\n<div class=\"wp-block-button has-custom-width wp-block-button__width-100 is-style-outline is-style-outline--3\"><a class=\"wp-block-button__link\" href=\"http:\/\/accademiagallery.org\/pt\/jardins-de-boboli\/\" style=\"border-radius:0px\">Leia mais<\/a><\/div>\n<\/div>\n<\/div>\n<\/div>\n\n\n\n<div class=\"wp-block-columns is-layout-flex wp-container-core-columns-is-layout-28f84493 wp-block-columns-is-layout-flex\">\n<div class=\"wp-block-column is-layout-flow wp-block-column-is-layout-flow\">\n<h2 class=\"wp-block-heading\">PAL\u00c1CIO PITTI<\/h2>\n\n\n<style>.kb-image_c668cd-33 .kb-image-has-overlay:after{opacity:0.3;}<\/style>\n<figure class=\"wp-block-kadence-image kb-image_c668cd-33 size-full\"><a href=\"http:\/\/accademiagallery.org\/pt\/palacio-pitti-palacio-pitti\/\" class=\"kb-advanced-image-link\"><img loading=\"lazy\" decoding=\"async\" width=\"512\" height=\"356\" src=\"http:\/\/accademiagallery.org\/wp-content\/uploads\/2022\/07\/Pitti-Palace-Palazzo-Pitti.jpg\" alt=\"Pal\u00e1cio Pitti (Palazzo Pitti)\" class=\"kb-img wp-image-549\" srcset=\"https:\/\/accademiagallery.org\/wp-content\/uploads\/2022\/07\/Pitti-Palace-Palazzo-Pitti.jpg 512w, https:\/\/accademiagallery.org\/wp-content\/uploads\/2022\/07\/Pitti-Palace-Palazzo-Pitti-300x209.jpg 300w\" sizes=\"auto, (max-width: 512px) 100vw, 512px\" \/><\/a><\/figure>\n\n\n\n<div class=\"wp-block-buttons is-layout-flex wp-block-buttons-is-layout-flex\">\n<div class=\"wp-block-button has-custom-width wp-block-button__width-100 is-style-outline is-style-outline--4\"><a class=\"wp-block-button__link\" href=\"http:\/\/accademiagallery.org\/pt\/palacio-pitti-palacio-pitti\/\" style=\"border-radius:0px\">Leia mais<\/a><\/div>\n<\/div>\n<\/div>\n\n\n\n<div class=\"wp-block-column is-layout-flow wp-block-column-is-layout-flow\">\n<h2 class=\"wp-block-heading\">PALAZZO VECCHIO<\/h2>\n\n\n<style>.kb-image_fc2bb3-3d .kb-image-has-overlay:after{opacity:0.3;}<\/style>\n<figure class=\"wp-block-kadence-image kb-image_fc2bb3-3d size-full\"><a href=\"http:\/\/accademiagallery.org\/pt\/palacio-velho\/\" class=\"kb-advanced-image-link\"><img loading=\"lazy\" decoding=\"async\" width=\"512\" height=\"356\" src=\"http:\/\/accademiagallery.org\/wp-content\/uploads\/2022\/07\/Palazzo-Vecchio.jpg\" alt=\"Palazzo Vecchio PALAZZO VECCHIO\" class=\"kb-img wp-image-550\" srcset=\"https:\/\/accademiagallery.org\/wp-content\/uploads\/2022\/07\/Palazzo-Vecchio.jpg 512w, https:\/\/accademiagallery.org\/wp-content\/uploads\/2022\/07\/Palazzo-Vecchio-300x209.jpg 300w\" sizes=\"auto, (max-width: 512px) 100vw, 512px\" \/><\/a><\/figure>\n\n\n\n<div class=\"wp-block-buttons is-layout-flex wp-block-buttons-is-layout-flex\">\n<div class=\"wp-block-button has-custom-width wp-block-button__width-100 is-style-outline is-style-outline--5\"><a class=\"wp-block-button__link\" href=\"http:\/\/accademiagallery.org\/pt\/palacio-velho\/\" style=\"border-radius:0px\">Leia mais<\/a><\/div>\n<\/div>\n<\/div>\n\n\n\n<div class=\"wp-block-column is-layout-flow wp-block-column-is-layout-flow\">\n<h2 class=\"wp-block-heading\">CAPELAS M\u00c9DICI<\/h2>\n\n\n<style>.kb-image_8be803-ef .kb-image-has-overlay:after{opacity:0.3;}<\/style>\n<figure class=\"wp-block-kadence-image kb-image_8be803-ef size-full\"><a href=\"http:\/\/accademiagallery.org\/pt\/capelas-dos-medici\/\" class=\"kb-advanced-image-link\"><img loading=\"lazy\" decoding=\"async\" width=\"512\" height=\"356\" src=\"http:\/\/accademiagallery.org\/wp-content\/uploads\/2022\/07\/Medici-Chapel-Cappelle-Medicee.jpg\" alt=\"Capela M\u00e9dici (Cappelle Medicee)\" class=\"kb-img wp-image-551\" srcset=\"https:\/\/accademiagallery.org\/wp-content\/uploads\/2022\/07\/Medici-Chapel-Cappelle-Medicee.jpg 512w, https:\/\/accademiagallery.org\/wp-content\/uploads\/2022\/07\/Medici-Chapel-Cappelle-Medicee-300x209.jpg 300w\" sizes=\"auto, (max-width: 512px) 100vw, 512px\" \/><\/a><\/figure>\n\n\n\n<div class=\"wp-block-buttons is-layout-flex wp-block-buttons-is-layout-flex\">\n<div class=\"wp-block-button has-custom-width wp-block-button__width-100 is-style-outline is-style-outline--6\"><a class=\"wp-block-button__link\" href=\"http:\/\/accademiagallery.org\/pt\/capelas-dos-medici\/\" style=\"border-radius:0px\">Leia mais<\/a><\/div>\n<\/div>\n<\/div>\n<\/div>\n\n\n\n<hr class=\"wp-block-separator has-alpha-channel-opacity\"\/>\n\n\n\n<h2 class=\"wp-block-heading\" style=\"text-transform:uppercase\"><strong>Participe de uma excurs\u00e3o guiada para explorar as principais atra\u00e7\u00f5es de Floren\u00e7a<\/strong><\/h2>\n\n\n\n<div data-gyg-href=\"https:\/\/widget.getyourguide.com\/default\/activities.frame\" data-gyg-locale-code=\"en-US\" data-gyg-widget=\"activities\" data-gyg-number-of-items=\"6\" data-gyg-cmp=\"accademia _org\" data-gyg-partner-id=\"Z35Q282\" data-gyg-placement=\"content-middle\" data-gyg-tour-ids=\"68021,50730,86558,383686,399124,395884\"><\/div>\n\n\n\n<div style=\"height:100px\" aria-hidden=\"true\" class=\"wp-block-spacer\"><\/div>\n\n\n\n<p><em>Observe que esta p\u00e1gina inclui links de afiliados para produtos e servi\u00e7os de terceiros<\/em><\/p>","protected":false},"excerpt":{"rendered":"<p>Florence is the capital city of Italy&#8217;s Tuscany region, and it is internationally renowned for its Renaissance art and architecture. Florence city was an important center of trade and commerce during the medieval era, which brought about the Italian Renaissance. Additionally, Florence is credited with promoting a great deal of art, writing, science, and exploration, [&hellip;]<\/p>\n","protected":false},"author":1,"featured_media":0,"parent":0,"menu_order":0,"comment_status":"closed","ping_status":"closed","template":"","meta":{"_monsterinsights_skip_tracking":false,"_monsterinsights_sitenote_active":false,"_monsterinsights_sitenote_note":"","_monsterinsights_sitenote_category":0,"footnotes":""},"class_list":["post-539","page","type-page","status-publish","hentry"],"blocksy_meta":{"styles_descriptor":{"styles":{"desktop":"","tablet":"","mobile":""},"google_fonts":[],"version":6}},"_links":{"self":[{"href":"https:\/\/accademiagallery.org\/pt\/wp-json\/wp\/v2\/pages\/539","targetHints":{"allow":["GET"]}}],"collection":[{"href":"https:\/\/accademiagallery.org\/pt\/wp-json\/wp\/v2\/pages"}],"about":[{"href":"https:\/\/accademiagallery.org\/pt\/wp-json\/wp\/v2\/types\/page"}],"author":[{"embeddable":true,"href":"https:\/\/accademiagallery.org\/pt\/wp-json\/wp\/v2\/users\/1"}],"replies":[{"embeddable":true,"href":"https:\/\/accademiagallery.org\/pt\/wp-json\/wp\/v2\/comments?post=539"}],"version-history":[{"count":0,"href":"https:\/\/accademiagallery.org\/pt\/wp-json\/wp\/v2\/pages\/539\/revisions"}],"wp:attachment":[{"href":"https:\/\/accademiagallery.org\/pt\/wp-json\/wp\/v2\/media?parent=539"}],"curies":[{"name":"wp","href":"https:\/\/api.w.org\/{rel}","templated":true}]}}