{"id":539,"date":"2022-07-07T18:58:39","date_gmt":"2022-07-07T18:58:39","guid":{"rendered":"http:\/\/accademiagallery.org\/?page_id=539"},"modified":"2022-09-18T19:27:38","modified_gmt":"2022-09-18T19:27:38","slug":"toppattraktioner-i-florens","status":"publish","type":"page","link":"https:\/\/accademiagallery.org\/sv\/top-attractions-in-florence\/","title":{"rendered":"TOPPATTRAKTIONER I FLORENCE"},"content":{"rendered":"<hr class=\"wp-block-separator has-alpha-channel-opacity\"\/>\n\n\n\n<p><strong><a href=\"https:\/\/www.britannica.com\/place\/Florence\" target=\"_blank\" rel=\"noopener\">Florens<\/a><\/strong> \u00e4r huvudstaden i Italien <strong><a href=\"https:\/\/www.britannica.com\/place\/Tuscany\" target=\"_blank\" rel=\"noopener\">Toscana<\/a><\/strong> regionen, och den \u00e4r internationellt k\u00e4nd f\u00f6r sin <strong>Ren\u00e4ssans<\/strong> konst och <strong>arkitektur<\/strong>. <strong>Florens <\/strong>staden var ett viktigt centrum f\u00f6r <strong>handel<\/strong> och <strong>handel<\/strong> under <strong>medeltida<\/strong> eran, som medf\u00f6rde <strong>italienska<\/strong> <strong>Ren\u00e4ssans<\/strong>.<\/p>\n\n\n\n<p>Dessutom, <strong>Florens<\/strong> \u00e4r krediterad med att fr\u00e4mja en hel del <strong>konst<\/strong>, <strong>handstil<\/strong>, <strong>vetenskap<\/strong>, och <strong>utforskning<\/strong>, s\u00e5v\u00e4l som med att uppfinna <strong>opera<\/strong>, som r\u00e4ddade <strong>Europa<\/strong> fr\u00e5n <strong>M\u00f6rka medeltider<\/strong>.<\/p>\n\n\n\n<p>Varje \u00e5r, <strong>miljoner<\/strong> av turister <strong>bes\u00f6ka Florens<\/strong>, vilket \u00e4r som en enorm utomhuskonst <strong>museum<\/strong>. Det finns inget b\u00e4ttre s\u00e4tt att se <strong>Florens<\/strong> stora turistattraktioner \u00e4n till fots. De <strong>Ponte Vecchio<\/strong>, en vacker bro som sp\u00e4nner \u00f6ver <strong>Arno River<\/strong> och \u00e4r hem f\u00f6r ett antal high-end <strong>smyckesbutiker<\/strong>, \u00e4r en av de b\u00e4sta platserna att promenera p\u00e5 <strong>Florens<\/strong>.&nbsp;<\/p>\n\n\n\n<h3 class=\"has-text-color wp-block-heading\" style=\"color:#8d8d8d\"><strong><em>H\u00e4r \u00e4r n\u00e5gra vackra bilder av Florens Ponte Vecchio<\/em><\/strong><\/h3>\n\n\n\n<div class=\"wp-block-columns is-layout-flex wp-container-core-columns-is-layout-28f84493 wp-block-columns-is-layout-flex\">\n<div class=\"wp-block-column is-layout-flow wp-block-column-is-layout-flow\">\n<figure class=\"wp-block-image size-full\"><img loading=\"lazy\" decoding=\"async\" width=\"512\" height=\"494\" src=\"http:\/\/accademiagallery.org\/wp-content\/uploads\/2022\/07\/ponte-vecchio-florence-1.jpg\" alt=\"Toppattraktioner i Florens\" class=\"wp-image-822\" srcset=\"https:\/\/accademiagallery.org\/wp-content\/uploads\/2022\/07\/ponte-vecchio-florence-1.jpg 512w, https:\/\/accademiagallery.org\/wp-content\/uploads\/2022\/07\/ponte-vecchio-florence-1-300x289.jpg 300w\" sizes=\"auto, (max-width: 512px) 100vw, 512px\" \/><\/figure>\n<\/div>\n\n\n\n<div class=\"wp-block-column is-layout-flow wp-block-column-is-layout-flow\">\n<figure class=\"wp-block-image size-full\"><img loading=\"lazy\" decoding=\"async\" width=\"512\" height=\"494\" src=\"http:\/\/accademiagallery.org\/wp-content\/uploads\/2022\/07\/ponte-vecchio-florence-2.jpg\" alt=\"Toppattraktioner i Florens\" class=\"wp-image-823\" srcset=\"https:\/\/accademiagallery.org\/wp-content\/uploads\/2022\/07\/ponte-vecchio-florence-2.jpg 512w, https:\/\/accademiagallery.org\/wp-content\/uploads\/2022\/07\/ponte-vecchio-florence-2-300x289.jpg 300w\" sizes=\"auto, (max-width: 512px) 100vw, 512px\" \/><\/figure>\n<\/div>\n\n\n\n<div class=\"wp-block-column is-layout-flow wp-block-column-is-layout-flow\">\n<figure class=\"wp-block-image size-full\"><img loading=\"lazy\" decoding=\"async\" width=\"512\" height=\"494\" src=\"http:\/\/accademiagallery.org\/wp-content\/uploads\/2022\/07\/ponte-vecchio-florence-3.jpg\" alt=\"Toppattraktioner i Florens\" class=\"wp-image-825\" srcset=\"https:\/\/accademiagallery.org\/wp-content\/uploads\/2022\/07\/ponte-vecchio-florence-3.jpg 512w, https:\/\/accademiagallery.org\/wp-content\/uploads\/2022\/07\/ponte-vecchio-florence-3-300x289.jpg 300w\" sizes=\"auto, (max-width: 512px) 100vw, 512px\" \/><\/figure>\n<\/div>\n<\/div>\n\n\n\n<hr class=\"wp-block-separator has-alpha-channel-opacity\"\/>\n\n\n\n<h2 class=\"wp-block-heading\" style=\"text-transform:uppercase\">Toppattraktioner i Florens<\/h2>\n\n\n\n<p>Uppt\u00e4ck magin med <strong>Florens<\/strong> genom att kliva ut. En hel v\u00e4rld av konst v\u00e4ntar dig p\u00e5 <strong>Uffizi-galleriet<\/strong> och <strong>Galleriet Accademia<\/strong>, s\u00e5v\u00e4l som vid <strong><a href=\"http:\/\/accademiagallery.org\/sv\/duomo-florence-cattedrale-di-santa-maria-del-fiore\/\" data-type=\"page\" data-id=\"580\">Duomo Florens<\/a><\/strong>. F\u00f6ljande \u00e4r toppen <strong>Florens<\/strong> attraktioner som du m\u00e5ste se n\u00e4r du bes\u00f6ker dina n\u00e4ra och k\u00e4ra.<\/p>\n\n\n\n<div class=\"wp-block-columns is-layout-flex wp-container-core-columns-is-layout-28f84493 wp-block-columns-is-layout-flex\">\n<div class=\"wp-block-column is-layout-flow wp-block-column-is-layout-flow\">\n<h2 class=\"wp-block-heading\">UFFIZI GALLERI<\/h2>\n\n\n<style>.kb-image_9019c7-18 .kb-image-has-overlay:after{opacity:0.3;}<\/style>\n<figure class=\"wp-block-kadence-image kb-image_9019c7-18 size-full\"><a href=\"http:\/\/accademiagallery.org\/sv\/uffizi-galleri\/\" class=\"kb-advanced-image-link\"><img loading=\"lazy\" decoding=\"async\" width=\"512\" height=\"356\" src=\"http:\/\/accademiagallery.org\/wp-content\/uploads\/2022\/07\/Uffizi-Gallery.jpg\" alt=\"Uffizi-galleriet\" class=\"kb-img wp-image-545\" srcset=\"https:\/\/accademiagallery.org\/wp-content\/uploads\/2022\/07\/Uffizi-Gallery.jpg 512w, https:\/\/accademiagallery.org\/wp-content\/uploads\/2022\/07\/Uffizi-Gallery-300x209.jpg 300w\" sizes=\"auto, (max-width: 512px) 100vw, 512px\" \/><\/a><\/figure>\n\n\n\n<div class=\"wp-block-buttons is-layout-flex wp-block-buttons-is-layout-flex\">\n<div class=\"wp-block-button has-custom-width wp-block-button__width-100 is-style-outline is-style-outline--1\"><a class=\"wp-block-button__link\" href=\"http:\/\/accademiagallery.org\/sv\/uffizi-galleri\/\" style=\"border-radius:0px\">L\u00e4s mer<\/a><\/div>\n<\/div>\n<\/div>\n\n\n\n<div class=\"wp-block-column is-layout-flow wp-block-column-is-layout-flow\">\n<h2 class=\"wp-block-heading\" style=\"text-transform:uppercase\">Duomo Florens<\/h2>\n\n\n<style>.kb-image_ece419-30 .kb-image-has-overlay:after{opacity:0.3;}<\/style>\n<figure class=\"wp-block-kadence-image kb-image_ece419-30 size-full\"><a href=\"http:\/\/accademiagallery.org\/sv\/duomo-florence-2\/\" class=\"kb-advanced-image-link\"><img loading=\"lazy\" decoding=\"async\" width=\"512\" height=\"356\" src=\"http:\/\/accademiagallery.org\/wp-content\/uploads\/2022\/07\/Duomo-Florence-Cattedrale-di-Santa-Maria-del-Fiore.jpg\" alt=\"Duomo Florence- Cattedrale di Santa Maria del Fiore\" class=\"kb-img wp-image-547\" srcset=\"https:\/\/accademiagallery.org\/wp-content\/uploads\/2022\/07\/Duomo-Florence-Cattedrale-di-Santa-Maria-del-Fiore.jpg 512w, https:\/\/accademiagallery.org\/wp-content\/uploads\/2022\/07\/Duomo-Florence-Cattedrale-di-Santa-Maria-del-Fiore-300x209.jpg 300w\" sizes=\"auto, (max-width: 512px) 100vw, 512px\" \/><\/a><\/figure>\n\n\n\n<div class=\"wp-block-buttons is-layout-flex wp-block-buttons-is-layout-flex\">\n<div class=\"wp-block-button has-custom-width wp-block-button__width-100 is-style-outline is-style-outline--2\"><a class=\"wp-block-button__link\" href=\"http:\/\/accademiagallery.org\/sv\/duomo-florence-2\/\" style=\"border-radius:0px\">L\u00e4s mer<\/a><\/div>\n<\/div>\n<\/div>\n\n\n\n<div class=\"wp-block-column is-layout-flow wp-block-column-is-layout-flow\">\n<h2 class=\"wp-block-heading\">BOBOLI TR\u00c4DG\u00c5RDAR<\/h2>\n\n\n<style>.kb-image_a9f5cf-66 .kb-image-has-overlay:after{opacity:0.3;}<\/style>\n<figure class=\"wp-block-kadence-image kb-image_a9f5cf-66 size-full\"><a href=\"http:\/\/accademiagallery.org\/sv\/boboli-tradgardar\/\" class=\"kb-advanced-image-link\"><img loading=\"lazy\" decoding=\"async\" width=\"512\" height=\"356\" src=\"http:\/\/accademiagallery.org\/wp-content\/uploads\/2022\/07\/Boboli-Gardens.jpg\" alt=\"Boboli tr\u00e4dg\u00e5rdar\" class=\"kb-img wp-image-548\" srcset=\"https:\/\/accademiagallery.org\/wp-content\/uploads\/2022\/07\/Boboli-Gardens.jpg 512w, https:\/\/accademiagallery.org\/wp-content\/uploads\/2022\/07\/Boboli-Gardens-300x209.jpg 300w\" sizes=\"auto, (max-width: 512px) 100vw, 512px\" \/><\/a><\/figure>\n\n\n\n<div class=\"wp-block-buttons is-layout-flex wp-block-buttons-is-layout-flex\">\n<div class=\"wp-block-button has-custom-width wp-block-button__width-100 is-style-outline is-style-outline--3\"><a class=\"wp-block-button__link\" href=\"http:\/\/accademiagallery.org\/sv\/boboli-tradgardar\/\" style=\"border-radius:0px\">L\u00e4s mer<\/a><\/div>\n<\/div>\n<\/div>\n<\/div>\n\n\n\n<div class=\"wp-block-columns is-layout-flex wp-container-core-columns-is-layout-28f84493 wp-block-columns-is-layout-flex\">\n<div class=\"wp-block-column is-layout-flow wp-block-column-is-layout-flow\">\n<h2 class=\"wp-block-heading\">PITTI PALACE<\/h2>\n\n\n<style>.kb-image_c668cd-33 .kb-image-has-overlay:after{opacity:0.3;}<\/style>\n<figure class=\"wp-block-kadence-image kb-image_c668cd-33 size-full\"><a href=\"http:\/\/accademiagallery.org\/sv\/pitti-palace-palazzo-pitti\/\" class=\"kb-advanced-image-link\"><img loading=\"lazy\" decoding=\"async\" width=\"512\" height=\"356\" src=\"http:\/\/accademiagallery.org\/wp-content\/uploads\/2022\/07\/Pitti-Palace-Palazzo-Pitti.jpg\" alt=\"Pitti Palace (Palazzo Pitti)\" class=\"kb-img wp-image-549\" srcset=\"https:\/\/accademiagallery.org\/wp-content\/uploads\/2022\/07\/Pitti-Palace-Palazzo-Pitti.jpg 512w, https:\/\/accademiagallery.org\/wp-content\/uploads\/2022\/07\/Pitti-Palace-Palazzo-Pitti-300x209.jpg 300w\" sizes=\"auto, (max-width: 512px) 100vw, 512px\" \/><\/a><\/figure>\n\n\n\n<div class=\"wp-block-buttons is-layout-flex wp-block-buttons-is-layout-flex\">\n<div class=\"wp-block-button has-custom-width wp-block-button__width-100 is-style-outline is-style-outline--4\"><a class=\"wp-block-button__link\" href=\"http:\/\/accademiagallery.org\/sv\/pitti-palace-palazzo-pitti\/\" style=\"border-radius:0px\">L\u00e4s mer<\/a><\/div>\n<\/div>\n<\/div>\n\n\n\n<div class=\"wp-block-column is-layout-flow wp-block-column-is-layout-flow\">\n<h2 class=\"wp-block-heading\">PALAZZO VECCHIO<\/h2>\n\n\n<style>.kb-image_fc2bb3-3d .kb-image-has-overlay:after{opacity:0.3;}<\/style>\n<figure class=\"wp-block-kadence-image kb-image_fc2bb3-3d size-full\"><a href=\"http:\/\/accademiagallery.org\/sv\/palazzo-vecchio\/\" class=\"kb-advanced-image-link\"><img loading=\"lazy\" decoding=\"async\" width=\"512\" height=\"356\" src=\"http:\/\/accademiagallery.org\/wp-content\/uploads\/2022\/07\/Palazzo-Vecchio.jpg\" alt=\"Palazzo Vecchio PALAZZO VECCHIO\" class=\"kb-img wp-image-550\" srcset=\"https:\/\/accademiagallery.org\/wp-content\/uploads\/2022\/07\/Palazzo-Vecchio.jpg 512w, https:\/\/accademiagallery.org\/wp-content\/uploads\/2022\/07\/Palazzo-Vecchio-300x209.jpg 300w\" sizes=\"auto, (max-width: 512px) 100vw, 512px\" \/><\/a><\/figure>\n\n\n\n<div class=\"wp-block-buttons is-layout-flex wp-block-buttons-is-layout-flex\">\n<div class=\"wp-block-button has-custom-width wp-block-button__width-100 is-style-outline is-style-outline--5\"><a class=\"wp-block-button__link\" href=\"http:\/\/accademiagallery.org\/sv\/palazzo-vecchio\/\" style=\"border-radius:0px\">L\u00e4s mer<\/a><\/div>\n<\/div>\n<\/div>\n\n\n\n<div class=\"wp-block-column is-layout-flow wp-block-column-is-layout-flow\">\n<h2 class=\"wp-block-heading\">MEDICI KAPELL<\/h2>\n\n\n<style>.kb-image_8be803-ef .kb-image-has-overlay:after{opacity:0.3;}<\/style>\n<figure class=\"wp-block-kadence-image kb-image_8be803-ef size-full\"><a href=\"http:\/\/accademiagallery.org\/sv\/medici-kapell\/\" class=\"kb-advanced-image-link\"><img loading=\"lazy\" decoding=\"async\" width=\"512\" height=\"356\" src=\"http:\/\/accademiagallery.org\/wp-content\/uploads\/2022\/07\/Medici-Chapel-Cappelle-Medicee.jpg\" alt=\"Medici Chapel (Cappelle Medicee)\" class=\"kb-img wp-image-551\" srcset=\"https:\/\/accademiagallery.org\/wp-content\/uploads\/2022\/07\/Medici-Chapel-Cappelle-Medicee.jpg 512w, https:\/\/accademiagallery.org\/wp-content\/uploads\/2022\/07\/Medici-Chapel-Cappelle-Medicee-300x209.jpg 300w\" sizes=\"auto, (max-width: 512px) 100vw, 512px\" \/><\/a><\/figure>\n\n\n\n<div class=\"wp-block-buttons is-layout-flex wp-block-buttons-is-layout-flex\">\n<div class=\"wp-block-button has-custom-width wp-block-button__width-100 is-style-outline is-style-outline--6\"><a class=\"wp-block-button__link\" href=\"http:\/\/accademiagallery.org\/sv\/medici-kapell\/\" style=\"border-radius:0px\">L\u00e4s mer<\/a><\/div>\n<\/div>\n<\/div>\n<\/div>\n\n\n\n<hr class=\"wp-block-separator has-alpha-channel-opacity\"\/>\n\n\n\n<h2 class=\"wp-block-heading\" style=\"text-transform:uppercase\"><strong>F\u00f6lj med p\u00e5 en guidad tur f\u00f6r att utforska de fr\u00e4msta attraktionerna i Florens<\/strong><\/h2>\n\n\n\n<div data-gyg-href=\"https:\/\/widget.getyourguide.com\/default\/activities.frame\" data-gyg-locale-code=\"en-US\" data-gyg-widget=\"activities\" data-gyg-number-of-items=\"6\" data-gyg-cmp=\"accademia _org\" data-gyg-partner-id=\"Z35Q282\" data-gyg-placement=\"content-middle\" data-gyg-tour-ids=\"68021,50730,86558,383686,399124,395884\"><\/div>\n\n\n\n<div style=\"height:100px\" aria-hidden=\"true\" class=\"wp-block-spacer\"><\/div>\n\n\n\n<p><em>Observera att den h\u00e4r sidan inneh\u00e5ller affiliate-l\u00e4nkar f\u00f6r produkter och tj\u00e4nster fr\u00e5n tredje part<\/em><\/p>","protected":false},"excerpt":{"rendered":"<p>Florence is the capital city of Italy&#8217;s Tuscany region, and it is internationally renowned for its Renaissance art and architecture. Florence city was an important center of trade and commerce during the medieval era, which brought about the Italian Renaissance. Additionally, Florence is credited with promoting a great deal of art, writing, science, and exploration, [&hellip;]<\/p>\n","protected":false},"author":1,"featured_media":0,"parent":0,"menu_order":0,"comment_status":"closed","ping_status":"closed","template":"","meta":{"_monsterinsights_skip_tracking":false,"_monsterinsights_sitenote_active":false,"_monsterinsights_sitenote_note":"","_monsterinsights_sitenote_category":0,"footnotes":""},"class_list":["post-539","page","type-page","status-publish","hentry"],"blocksy_meta":{"styles_descriptor":{"styles":{"desktop":"","tablet":"","mobile":""},"google_fonts":[],"version":6}},"_links":{"self":[{"href":"https:\/\/accademiagallery.org\/sv\/wp-json\/wp\/v2\/pages\/539","targetHints":{"allow":["GET"]}}],"collection":[{"href":"https:\/\/accademiagallery.org\/sv\/wp-json\/wp\/v2\/pages"}],"about":[{"href":"https:\/\/accademiagallery.org\/sv\/wp-json\/wp\/v2\/types\/page"}],"author":[{"embeddable":true,"href":"https:\/\/accademiagallery.org\/sv\/wp-json\/wp\/v2\/users\/1"}],"replies":[{"embeddable":true,"href":"https:\/\/accademiagallery.org\/sv\/wp-json\/wp\/v2\/comments?post=539"}],"version-history":[{"count":0,"href":"https:\/\/accademiagallery.org\/sv\/wp-json\/wp\/v2\/pages\/539\/revisions"}],"wp:attachment":[{"href":"https:\/\/accademiagallery.org\/sv\/wp-json\/wp\/v2\/media?parent=539"}],"curies":[{"name":"wp","href":"https:\/\/api.w.org\/{rel}","templated":true}]}}